{"id":589,"date":"2023-11-11T20:10:26","date_gmt":"2023-11-11T19:10:26","guid":{"rendered":"http:\/\/nouveau.lyceeretiers.bzh\/?page_id=589"},"modified":"2025-06-25T12:13:04","modified_gmt":"2025-06-25T10:13:04","slug":"restauration","status":"publish","type":"page","link":"https:\/\/www.lyceeretiers.bzh\/?page_id=589","title":{"rendered":"Restauration"},"content":{"rendered":"\t\t<div data-elementor-type=\"wp-page\" data-elementor-id=\"589\" class=\"elementor elementor-589\">\n\t\t\t\t\t\t<section class=\"elementor-section elementor-top-section elementor-element elementor-element-9356a21 elementor-section-boxed elementor-section-height-default elementor-section-height-default\" data-id=\"9356a21\" data-element_type=\"section\" data-e-type=\"section\">\n\t\t\t\t\t\t<div class=\"elementor-container elementor-column-gap-default\">\n\t\t\t\t\t<div class=\"elementor-column elementor-col-100 elementor-top-column elementor-element elementor-element-0272869\" data-id=\"0272869\" data-element_type=\"column\" data-e-type=\"column\">\n\t\t\t<div class=\"elementor-widget-wrap elementor-element-populated\">\n\t\t\t\t\t\t\t<\/div>\n\t\t<\/div>\n\t\t\t\t\t<\/div>\n\t\t<\/section>\n\t\t<div class=\"elementor-element elementor-element-c16907d e-flex e-con-boxed e-con e-parent\" data-id=\"c16907d\" data-element_type=\"container\" data-e-type=\"container\">\n\t\t\t\t\t<div class=\"e-con-inner\">\n\t\t<div class=\"elementor-element elementor-element-1a5cb8d e-con-full e-flex e-con e-child\" data-id=\"1a5cb8d\" data-element_type=\"container\" data-e-type=\"container\">\n\t\t\t\t<div class=\"elementor-element elementor-element-25efa64 elementor-widget elementor-widget-image\" data-id=\"25efa64\" data-element_type=\"widget\" data-e-type=\"widget\" data-widget_type=\"image.default\">\n\t\t\t\t<div class=\"elementor-widget-container\">\n\t\t\t\t\t\t\t\t\t\t\t\t\t\t\t<img fetchpriority=\"high\" decoding=\"async\" width=\"570\" height=\"421\" src=\"https:\/\/www.lyceeretiers.bzh\/wp-content\/uploads\/2024\/05\/Capture-decran-2024-05-02-184149.png\" class=\"attachment-medium_large size-medium_large wp-image-3136\" alt=\"\" srcset=\"https:\/\/www.lyceeretiers.bzh\/wp-content\/uploads\/2024\/05\/Capture-decran-2024-05-02-184149.png 570w, https:\/\/www.lyceeretiers.bzh\/wp-content\/uploads\/2024\/05\/Capture-decran-2024-05-02-184149-300x222.png 300w\" sizes=\"(max-width: 570px) 100vw, 570px\" \/>\t\t\t\t\t\t\t\t\t\t\t\t\t\t\t<\/div>\n\t\t\t\t<\/div>\n\t\t\t\t<\/div>\n\t\t<div class=\"elementor-element elementor-element-a4149ef e-con-full e-flex e-con e-child\" data-id=\"a4149ef\" data-element_type=\"container\" data-e-type=\"container\">\n\t\t\t\t<div class=\"elementor-element elementor-element-14b73c8 elementor-widget elementor-widget-image\" data-id=\"14b73c8\" data-element_type=\"widget\" data-e-type=\"widget\" data-widget_type=\"image.default\">\n\t\t\t\t<div class=\"elementor-widget-container\">\n\t\t\t\t\t\t\t\t\t\t\t\t\t\t\t<img decoding=\"async\" width=\"571\" height=\"403\" src=\"https:\/\/www.lyceeretiers.bzh\/wp-content\/uploads\/2024\/05\/Capture-decran-2024-05-02-184237.png\" class=\"attachment-medium_large size-medium_large wp-image-3134\" alt=\"\" srcset=\"https:\/\/www.lyceeretiers.bzh\/wp-content\/uploads\/2024\/05\/Capture-decran-2024-05-02-184237.png 571w, https:\/\/www.lyceeretiers.bzh\/wp-content\/uploads\/2024\/05\/Capture-decran-2024-05-02-184237-300x212.png 300w\" sizes=\"(max-width: 571px) 100vw, 571px\" \/>\t\t\t\t\t\t\t\t\t\t\t\t\t\t\t<\/div>\n\t\t\t\t<\/div>\n\t\t\t\t<\/div>\n\t\t<div class=\"elementor-element elementor-element-c4cb56f e-con-full e-flex e-con e-child\" data-id=\"c4cb56f\" data-element_type=\"container\" data-e-type=\"container\">\n\t\t\t\t<div class=\"elementor-element elementor-element-84ba05e elementor-widget elementor-widget-image\" data-id=\"84ba05e\" data-element_type=\"widget\" data-e-type=\"widget\" data-widget_type=\"image.default\">\n\t\t\t\t<div class=\"elementor-widget-container\">\n\t\t\t\t\t\t\t\t\t\t\t\t\t\t\t<img decoding=\"async\" width=\"545\" height=\"402\" src=\"https:\/\/www.lyceeretiers.bzh\/wp-content\/uploads\/2024\/05\/Capture-decran-2024-05-02-184215.png\" class=\"attachment-large size-large wp-image-3135\" alt=\"\" srcset=\"https:\/\/www.lyceeretiers.bzh\/wp-content\/uploads\/2024\/05\/Capture-decran-2024-05-02-184215.png 545w, https:\/\/www.lyceeretiers.bzh\/wp-content\/uploads\/2024\/05\/Capture-decran-2024-05-02-184215-300x221.png 300w\" sizes=\"(max-width: 545px) 100vw, 545px\" \/>\t\t\t\t\t\t\t\t\t\t\t\t\t\t\t<\/div>\n\t\t\t\t<\/div>\n\t\t\t\t<\/div>\n\t\t\t\t\t<\/div>\n\t\t\t\t<\/div>\n\t\t<div class=\"elementor-element elementor-element-65ee367 e-flex e-con-boxed e-con e-parent\" data-id=\"65ee367\" data-element_type=\"container\" data-e-type=\"container\">\n\t\t\t\t\t<div class=\"e-con-inner\">\n\t\t\t\t<div class=\"elementor-element elementor-element-d5de648 elementor-widget elementor-widget-text-editor\" data-id=\"d5de648\" data-element_type=\"widget\" data-e-type=\"widget\" data-widget_type=\"text-editor.default\">\n\t\t\t\t<div class=\"elementor-widget-container\">\n\t\t\t\t\t\t\t\t\t<h4>Le service de restauration assur\u00e9 par Convivio, en lien avec le service central du lyc\u00e9e Assomption de Rennes, accueille les \u00e9l\u00e8ves les lundis\/mardis\/jeudis\/vendredis. Le prix du repas est de 8,15\u20ac pour les repas occasionnels (\u00e9l\u00e8ves externes).<\/h4><h4>Pour les \u00e9l\u00e8ves demi-pensionnaires, forfait repas annuel (tarifs 2025-2026) :<\/h4>\t\t\t\t\t\t\t\t<\/div>\n\t\t\t\t<\/div>\n\t\t\t\t\t<\/div>\n\t\t\t\t<\/div>\n\t\t<div class=\"elementor-element elementor-element-0ccf072 e-flex e-con-boxed e-con e-parent\" data-id=\"0ccf072\" data-element_type=\"container\" data-e-type=\"container\">\n\t\t\t\t\t<div class=\"e-con-inner\">\n\t\t\t\t<div class=\"elementor-element elementor-element-2980f35 elementor-widget elementor-widget-text-editor\" data-id=\"2980f35\" data-element_type=\"widget\" data-e-type=\"widget\" data-widget_type=\"text-editor.default\">\n\t\t\t\t<div class=\"elementor-widget-container\">\n\t\t\t\t\t\t\t\t\t<h4 style=\"text-align: left;\"><span style=\"font-size: 18pt;\">Pour 4 jours de repas par semaine, forfait ann\u00e9e : 864\u20ac<\/span><\/h4><h4 style=\"text-align: left;\"><span style=\"font-size: 18pt;\">Pour 3 jours de repas par semaine, forfait ann\u00e9e : 648\u20ac<\/span><\/h4><h4 style=\"text-align: left;\"><span style=\"font-size: 18pt;\">Pour 2 jours de repas par semaine, forfait ann\u00e9e : 432\u20ac<\/span><\/h4><h4 style=\"text-align: left;\"><span style=\"font-size: 18pt;\">Pour 1 jour de repas par semaine, forfait ann\u00e9e : 216\u20ac<\/span><\/h4>\t\t\t\t\t\t\t\t<\/div>\n\t\t\t\t<\/div>\n\t\t\t\t\t<\/div>\n\t\t\t\t<\/div>\n\t\t\t\t<section class=\"elementor-section elementor-top-section elementor-element elementor-element-31cdf4d elementor-section-boxed elementor-section-height-default elementor-section-height-default\" data-id=\"31cdf4d\" data-element_type=\"section\" data-e-type=\"section\">\n\t\t\t\t\t\t<div class=\"elementor-container elementor-column-gap-default\">\n\t\t\t\t\t<div class=\"elementor-column elementor-col-100 elementor-top-column elementor-element elementor-element-e638a8f\" data-id=\"e638a8f\" data-element_type=\"column\" data-e-type=\"column\">\n\t\t\t<div class=\"elementor-widget-wrap elementor-element-populated\">\n\t\t\t\t\t\t<div class=\"elementor-element elementor-element-62771ba elementor-widget elementor-widget-text-editor\" data-id=\"62771ba\" data-element_type=\"widget\" data-e-type=\"widget\" data-widget_type=\"text-editor.default\">\n\t\t\t\t<div class=\"elementor-widget-container\">\n\t\t\t\t\t\t\t\t\t<h3>Deux modes de paiement sont possibles : la mensualisation sur <strong>10<\/strong> mois<br \/>ou par ch\u00e8que (paiement trimestriel). <br \/>Le mode de paiement privil\u00e9gi\u00e9 est le pr\u00e9l\u00e8vement (compte tenu du nombre d&rsquo;\u00e9l\u00e8ves).<\/h3><p>L\u2019\u00e9tablissement adresse une facture annuelle d\u00e9but octobre mentionnant un \u00e9ch\u00e9ancier de pr\u00e9l\u00e8vements mensuels sur 9 mois.<\/p>\t\t\t\t\t\t\t\t<\/div>\n\t\t\t\t<\/div>\n\t\t\t\t\t<\/div>\n\t\t<\/div>\n\t\t\t\t\t<\/div>\n\t\t<\/section>\n\t\t\t\t<\/div>\n\t\t","protected":false},"excerpt":{"rendered":"<p>Le service de restauration assur\u00e9 par Convivio, en lien avec le service central du lyc\u00e9e Assomption de Rennes, accueille les \u00e9l\u00e8ves les lundis\/mardis\/jeudis\/vendredis. Le prix du repas est de 8,15\u20ac pour les repas occasionnels (\u00e9l\u00e8ves externes). Pour les \u00e9l\u00e8ves demi-pensionnaires, forfait repas annuel (tarifs 2025-2026) : Pour 4 jours de repas par semaine, forfait ann\u00e9e [&hellip;]<\/p>\n","protected":false},"author":1,"featured_media":0,"parent":0,"menu_order":0,"comment_status":"closed","ping_status":"closed","template":"","meta":{"footnotes":""},"class_list":["post-589","page","type-page","status-publish","hentry"],"jetpack_sharing_enabled":true,"rttpg_featured_image_url":null,"rttpg_author":{"display_name":"webretiersadmin","author_link":"https:\/\/www.lyceeretiers.bzh\/?author=1"},"rttpg_comment":0,"rttpg_category":null,"rttpg_excerpt":"Le service de restauration assur\u00e9 par Convivio, en lien avec le service central du lyc\u00e9e Assomption de Rennes, accueille les \u00e9l\u00e8ves les lundis\/mardis\/jeudis\/vendredis. Le prix du repas est de 8,15\u20ac pour les repas occasionnels (\u00e9l\u00e8ves externes). Pour les \u00e9l\u00e8ves demi-pensionnaires, forfait repas annuel (tarifs 2025-2026) : Pour 4 jours de repas par semaine, forfait ann\u00e9e\u2026","_links":{"self":[{"href":"https:\/\/www.lyceeretiers.bzh\/index.php?rest_route=\/wp\/v2\/pages\/589","targetHints":{"allow":["GET"]}}],"collection":[{"href":"https:\/\/www.lyceeretiers.bzh\/index.php?rest_route=\/wp\/v2\/pages"}],"about":[{"href":"https:\/\/www.lyceeretiers.bzh\/index.php?rest_route=\/wp\/v2\/types\/page"}],"author":[{"embeddable":true,"href":"https:\/\/www.lyceeretiers.bzh\/index.php?rest_route=\/wp\/v2\/users\/1"}],"replies":[{"embeddable":true,"href":"https:\/\/www.lyceeretiers.bzh\/index.php?rest_route=%2Fwp%2Fv2%2Fcomments&post=589"}],"version-history":[{"count":40,"href":"https:\/\/www.lyceeretiers.bzh\/index.php?rest_route=\/wp\/v2\/pages\/589\/revisions"}],"predecessor-version":[{"id":5021,"href":"https:\/\/www.lyceeretiers.bzh\/index.php?rest_route=\/wp\/v2\/pages\/589\/revisions\/5021"}],"wp:attachment":[{"href":"https:\/\/www.lyceeretiers.bzh\/index.php?rest_route=%2Fwp%2Fv2%2Fmedia&parent=589"}],"curies":[{"name":"wp","href":"https:\/\/api.w.org\/{rel}","templated":true}]}}