{"id":583,"date":"2023-11-11T20:09:33","date_gmt":"2023-11-11T19:09:33","guid":{"rendered":"http:\/\/nouveau.lyceeretiers.bzh\/?page_id=583"},"modified":"2025-11-27T16:57:00","modified_gmt":"2025-11-27T15:57:00","slug":"inscriptions","status":"publish","type":"page","link":"https:\/\/www.lyceeretiers.bzh\/?page_id=583","title":{"rendered":"Inscriptions"},"content":{"rendered":"\t\t<div data-elementor-type=\"wp-page\" data-elementor-id=\"583\" class=\"elementor elementor-583\">\n\t\t\t\t\t\t<section class=\"elementor-section elementor-top-section elementor-element elementor-element-4fa4b1d0 elementor-section-full_width elementor-section-height-min-height elementor-section-height-default elementor-section-items-middle\" data-id=\"4fa4b1d0\" data-element_type=\"section\" data-e-type=\"section\" data-settings=\"{&quot;background_background&quot;:&quot;slideshow&quot;,&quot;background_slideshow_gallery&quot;:[{&quot;id&quot;:1329,&quot;url&quot;:&quot;https:\\\/\\\/www.lyceeretiers.bzh\\\/wp-content\\\/uploads\\\/2024\\\/01\\\/lycee_rogne_bis.png&quot;}],&quot;background_slideshow_loop&quot;:&quot;yes&quot;,&quot;background_slideshow_slide_duration&quot;:5000,&quot;background_slideshow_slide_transition&quot;:&quot;fade&quot;,&quot;background_slideshow_transition_duration&quot;:500}\">\n\t\t\t\t\t\t<div class=\"elementor-container elementor-column-gap-default\">\n\t\t\t\t\t<div class=\"elementor-column elementor-col-100 elementor-top-column elementor-element elementor-element-9eec5f3\" data-id=\"9eec5f3\" data-element_type=\"column\" data-e-type=\"column\">\n\t\t\t<div class=\"elementor-widget-wrap elementor-element-populated\">\n\t\t\t\t\t\t<div class=\"elementor-element elementor-element-1c302658 elementor-widget elementor-widget-text-editor\" data-id=\"1c302658\" data-element_type=\"widget\" data-e-type=\"widget\" data-widget_type=\"text-editor.default\">\n\t\t\t\t<div class=\"elementor-widget-container\">\n\t\t\t\t\t\t\t\t\t<p>Inscriptions<\/p>\t\t\t\t\t\t\t\t<\/div>\n\t\t\t\t<\/div>\n\t\t\t\t\t<\/div>\n\t\t<\/div>\n\t\t\t\t\t<\/div>\n\t\t<\/section>\n\t\t\t\t<section class=\"elementor-section elementor-top-section elementor-element elementor-element-cef92fc elementor-section-boxed elementor-section-height-default elementor-section-height-default\" data-id=\"cef92fc\" data-element_type=\"section\" data-e-type=\"section\">\n\t\t\t\t\t\t<div class=\"elementor-container elementor-column-gap-default\">\n\t\t\t\t\t<div class=\"elementor-column elementor-col-100 elementor-top-column elementor-element elementor-element-d76f00b\" data-id=\"d76f00b\" data-element_type=\"column\" data-e-type=\"column\">\n\t\t\t<div class=\"elementor-widget-wrap elementor-element-populated\">\n\t\t\t\t\t\t<div class=\"elementor-element elementor-element-5cc98c2 elementor-widget elementor-widget-text-editor\" data-id=\"5cc98c2\" data-element_type=\"widget\" data-e-type=\"widget\" data-widget_type=\"text-editor.default\">\n\t\t\t\t<div class=\"elementor-widget-container\">\n\t\t\t\t\t\t\t\t\t<p><strong style=\"font-weight: bold;\">INSCRIPTIONS<\/strong><\/p>\n<p><script src=\"https:\/\/unpkg.com\/@dotlottie\/player-component@latest\/dist\/dotlottie-player.mjs\" type=\"module\"><\/script><\/p>\n<div>Vous pouvez inscrire votre jeune en ligne d\u00e8s maintenant :<\/div>\n<div>\n<p>1\u00b0&gt; Cliquez sur ce lien : <a style=\"text-decoration-line: none; outline: none; transition-duration: 0.3s;\" href=\"https:\/\/preinscriptions.ecoledirecte.com\/?RNE=0350778F\" target=\"_blank\" rel=\"noopener noreferrer\"><b>https:\/\/preinscriptions.ecoledirecte.com\/?RNE=0350778F<\/b><\/a><\/p>\n<p>2\u00b0&gt; Le lyc\u00e9e vous enverra ensuite un dossier par voie postale<\/p>\n<p>3\u00b0&gt; Appelez le lyc\u00e9e au 02.99.43.64.67<\/p>\n<div><i>(de pr\u00e9f\u00e9rence les mardis et vendredis)<\/i> <i>afin de prendre un rendez-vous avec l&rsquo;\u00e9quipe de direction<\/i><\/div>\n<div>&nbsp;<\/div>\n<\/div>\n<p style=\"margin: 10px 0px 5px; padding: 0px;\">4\u00b0&gt; Le jour de votre rendez-vous pensez \u00e0 apporter le dossier re\u00e7u compl\u00e9t\u00e9.<\/p>\n<p style=\"margin: 10px 0px; padding: 0px;\"><i>Pi\u00e8ces du dossier d&rsquo;inscription :<\/i><\/p>\n<p style=\"margin: 10px 0px; padding: 0px;\">&#8211; Copie des bulletins de notes de 3e<\/p>\n<p style=\"margin: 10px 0px; padding: 0px;\">&#8211; Photo d&rsquo;identit\u00e9<\/p>\n<p style=\"margin: 10px 0px; padding: 0px;\">&#8211; Photocopie du livret de famille (parents + enfant concern\u00e9) + jugement de divorce partie \u00ab\u00a0autorit\u00e9 parentale\u00a0\u00bb le cas \u00e9ch\u00e9ant<\/p>\n<p style=\"margin: 10px 0px; padding: 0px;\">&#8211; Ch\u00e8que de 10 \u20ac pour les frais de dossier<\/p>\n<p style=\"margin: 10px 0px; padding: 0px;\"><i>En juin<\/i><\/p>\n<p style=\"margin: 10px 0px; padding: 0px;\">Nous vous envoyons une confirmation d\u2019inscription qui r\u00e9capitule les choix d&rsquo;options et les informations administratives \u00e0 retourner sign\u00e9e accompagn\u00e9e de :<\/p>\n<p style=\"margin: 10px 0px; padding: 0px;\">&#8211; la d\u00e9cision du conseil de classe pour l&rsquo;orientation de fin de 3e<\/p>\n<p style=\"margin: 10px 0px; padding: 0px;\">&#8211; la copie des bulletins de notes de 3e non encore transmis<\/p>\n<p style=\"margin: 10px 0px; padding: 0px;\"><b>FRAIS DE SCOLARITE EN 2025-2026<\/b><\/p>\n<table cellspacing=\"0\" cellpadding=\"7\">\n<colgroup>\n<col width=\"228\">\n<col width=\"229\">\n<col width=\"228\"> <\/colgroup>\n<tbody>\n<tr>\n<td bgcolor=\"#92cddc\"><b>Contribution annuelle : 811 \u20ac<\/b> (\u00e0 titre indicatif)<\/td>\n<td colspan=\"2\" bgcolor=\"#ffffff\">Finance le fonctionnement et les investissements de l\u2019\u00e9tablissement<\/td>\n<\/tr>\n<\/tbody>\n<\/table>\n<table cellspacing=\"0\" cellpadding=\"7\">\n<colgroup>\n<col width=\"136\">\n<col width=\"454\"> <\/colgroup>\n<tbody>\n<tr>\n<td bgcolor=\"#92cddc\"><b>Activit\u00e9s p\u00e9dagogiques<\/b><\/td>\n<td bgcolor=\"#ffffff\">Une contribution forfaitaire de <strong>45 \u20ac<\/strong> permet de couvrir tous les frais occasionn\u00e9s par les activit\u00e9s p\u00e9dagogiques obligatoires. Les activit\u00e9s ou sorties engageant des sommes plus importantes font l\u2019objet d\u2019un r\u00e8glement compl\u00e9mentaire (voyages, concours, \u2026).<\/td>\n<\/tr>\n<\/tbody>\n<\/table>\n<table cellspacing=\"0\" cellpadding=\"7\">\n<colgroup>\n<col width=\"136\">\n<col width=\"453\"> <\/colgroup>\n<tbody>\n<tr>\n<td rowspan=\"2\" bgcolor=\"#92cddc\">\n<p><b>APEL<\/b><\/p>\n<p><b>Association des Parents d\u2019El\u00e8ves<\/b><\/p>\n<\/td>\n<td bgcolor=\"#ffffff\">\n<p>La cotisation APEL est normalement factur\u00e9e \u00e0 l\u2019a\u00een\u00e9 de la famille scolaris\u00e9 dans l\u2019enseignement priv\u00e9 (25,59 \u20ac en 2024-2025)<\/p>\n<p><i>Possibilit\u00e9 de ne pas y souscrire moyennant un courrier adress\u00e9 \u00e0 la comptabilit\u00e9 de l\u2019\u00e9tablissement<\/i><\/p>\n<\/td>\n<\/tr>\n<tr>\n<td bgcolor=\"#ffffff\"><b>Manuels scolaires<\/b>: Les manuels scolaires sont pr\u00eat\u00e9s gratuitement par l\u2019\u00e9tablissement. L\u2019\u00e9quipe de l\u2019APEL en assure la gestion. Un d\u00e9p\u00f4t de garantie de 50 \u20ac est factur\u00e9 en d\u00e9but d&rsquo;ann\u00e9e. La somme est revers\u00e9e \u00e0 l\u2019issue de la scolarit\u00e9 de votre enfant dans notre \u00e9tablissement.<\/td>\n<\/tr>\n<\/tbody>\n<\/table>\n<table cellspacing=\"0\" cellpadding=\"7\">\n<colgroup>\n<col width=\"112\">\n<col width=\"477\"> <\/colgroup>\n<tbody>\n<tr>\n<td bgcolor=\"#92cddc\"><b>Assurance scolaire<\/b><\/td>\n<td bgcolor=\"#ffffff\">L\u2019\u00e9tablissement assure tous les \u00e9l\u00e8ves pour l\u2019individuelle accident dans le cadre des activit\u00e9s scolaires et extra-scolaires (Mutuelle St Christophe). Cette assurance n\u2019est pas factur\u00e9e aux familles.<\/td>\n<\/tr>\n<\/tbody>\n<\/table>\n<p><b><i>AIDES FINANCI\u00c8RES AU LYC\u00c9E<\/i><\/b>: <a style=\"text-decoration-line: none; outline: none; transition-duration: 0.3s; transition-property: color;\" href=\"https:\/\/www.education.gouv.fr\/les-aides-financieres-au-lycee-7511\" target=\"_blank\" rel=\"noopener noreferrer\">https:\/\/www.education.gouv.fr\/les-aides-financieres-au-lycee-7511<\/a><\/p>\t\t\t\t\t\t\t\t<\/div>\n\t\t\t\t<\/div>\n\t\t\t\t\t<\/div>\n\t\t<\/div>\n\t\t\t\t\t<\/div>\n\t\t<\/section>\n\t\t\t\t<\/div>\n\t\t","protected":false},"excerpt":{"rendered":"<p>Inscriptions INSCRIPTIONS Vous pouvez inscrire votre jeune en ligne d\u00e8s maintenant : 1\u00b0&gt; Cliquez sur ce lien : https:\/\/preinscriptions.ecoledirecte.com\/?RNE=0350778F 2\u00b0&gt; Le lyc\u00e9e vous enverra ensuite un dossier par voie postale 3\u00b0&gt; Appelez le lyc\u00e9e au 02.99.43.64.67 (de pr\u00e9f\u00e9rence les mardis et vendredis) afin de prendre un rendez-vous avec l&rsquo;\u00e9quipe de direction &nbsp; 4\u00b0&gt; Le jour [&hellip;]<\/p>\n","protected":false},"author":1,"featured_media":0,"parent":0,"menu_order":0,"comment_status":"closed","ping_status":"closed","template":"","meta":{"footnotes":""},"class_list":["post-583","page","type-page","status-publish","hentry"],"jetpack_sharing_enabled":true,"rttpg_featured_image_url":null,"rttpg_author":{"display_name":"webretiersadmin","author_link":"https:\/\/www.lyceeretiers.bzh\/?author=1"},"rttpg_comment":0,"rttpg_category":null,"rttpg_excerpt":"Inscriptions INSCRIPTIONS Vous pouvez inscrire votre jeune en ligne d\u00e8s maintenant : 1\u00b0&gt; Cliquez sur ce lien : https:\/\/preinscriptions.ecoledirecte.com\/?RNE=0350778F 2\u00b0&gt; Le lyc\u00e9e vous enverra ensuite un dossier par voie postale 3\u00b0&gt; Appelez le lyc\u00e9e au 02.99.43.64.67 (de pr\u00e9f\u00e9rence les mardis et vendredis) afin de prendre un rendez-vous avec l&rsquo;\u00e9quipe de direction &nbsp; 4\u00b0&gt; Le jour\u2026","_links":{"self":[{"href":"https:\/\/www.lyceeretiers.bzh\/index.php?rest_route=\/wp\/v2\/pages\/583","targetHints":{"allow":["GET"]}}],"collection":[{"href":"https:\/\/www.lyceeretiers.bzh\/index.php?rest_route=\/wp\/v2\/pages"}],"about":[{"href":"https:\/\/www.lyceeretiers.bzh\/index.php?rest_route=\/wp\/v2\/types\/page"}],"author":[{"embeddable":true,"href":"https:\/\/www.lyceeretiers.bzh\/index.php?rest_route=\/wp\/v2\/users\/1"}],"replies":[{"embeddable":true,"href":"https:\/\/www.lyceeretiers.bzh\/index.php?rest_route=%2Fwp%2Fv2%2Fcomments&post=583"}],"version-history":[{"count":43,"href":"https:\/\/www.lyceeretiers.bzh\/index.php?rest_route=\/wp\/v2\/pages\/583\/revisions"}],"predecessor-version":[{"id":5230,"href":"https:\/\/www.lyceeretiers.bzh\/index.php?rest_route=\/wp\/v2\/pages\/583\/revisions\/5230"}],"wp:attachment":[{"href":"https:\/\/www.lyceeretiers.bzh\/index.php?rest_route=%2Fwp%2Fv2%2Fmedia&parent=583"}],"curies":[{"name":"wp","href":"https:\/\/api.w.org\/{rel}","templated":true}]}}