{"id":572,"date":"2023-11-11T20:07:46","date_gmt":"2023-11-11T19:07:46","guid":{"rendered":"http:\/\/nouveau.lyceeretiers.bzh\/?page_id=572"},"modified":"2025-10-08T12:21:43","modified_gmt":"2025-10-08T10:21:43","slug":"secondes","status":"publish","type":"page","link":"https:\/\/www.lyceeretiers.bzh\/?page_id=572","title":{"rendered":"Secondes"},"content":{"rendered":"\t\t<div data-elementor-type=\"wp-page\" data-elementor-id=\"572\" class=\"elementor elementor-572\">\n\t\t\t\t\t\t<section class=\"elementor-section elementor-top-section elementor-element elementor-element-26accd87 elementor-section-full_width elementor-section-height-min-height elementor-section-height-default elementor-section-items-middle\" data-id=\"26accd87\" data-element_type=\"section\" data-e-type=\"section\" data-settings=\"{&quot;background_background&quot;:&quot;slideshow&quot;,&quot;background_slideshow_gallery&quot;:[{&quot;id&quot;:1329,&quot;url&quot;:&quot;https:\\\/\\\/www.lyceeretiers.bzh\\\/wp-content\\\/uploads\\\/2024\\\/01\\\/lycee_rogne_bis.png&quot;}],&quot;background_slideshow_loop&quot;:&quot;yes&quot;,&quot;background_slideshow_slide_duration&quot;:5000,&quot;background_slideshow_slide_transition&quot;:&quot;fade&quot;,&quot;background_slideshow_transition_duration&quot;:500}\">\n\t\t\t\t\t\t<div class=\"elementor-container elementor-column-gap-default\">\n\t\t\t\t\t<div class=\"elementor-column elementor-col-100 elementor-top-column elementor-element elementor-element-7c1df3d9\" data-id=\"7c1df3d9\" data-element_type=\"column\" data-e-type=\"column\">\n\t\t\t<div class=\"elementor-widget-wrap elementor-element-populated\">\n\t\t\t\t\t\t<div class=\"elementor-element elementor-element-704d540e elementor-widget elementor-widget-text-editor\" data-id=\"704d540e\" data-element_type=\"widget\" data-e-type=\"widget\" data-widget_type=\"text-editor.default\">\n\t\t\t\t<div class=\"elementor-widget-container\">\n\t\t\t\t\t\t\t\t\t<p>Infos Secondes<\/p>\t\t\t\t\t\t\t\t<\/div>\n\t\t\t\t<\/div>\n\t\t\t\t\t<\/div>\n\t\t<\/div>\n\t\t\t\t\t<\/div>\n\t\t<\/section>\n\t\t<div class=\"elementor-element elementor-element-a034094 e-flex e-con-boxed e-con e-parent\" data-id=\"a034094\" data-element_type=\"container\" data-e-type=\"container\">\n\t\t\t\t\t<div class=\"e-con-inner\">\n\t\t\t\t\t<\/div>\n\t\t\t\t<\/div>\n\t\t<div class=\"elementor-element elementor-element-65d15e1 e-grid e-con-boxed e-con e-parent\" data-id=\"65d15e1\" data-element_type=\"container\" data-e-type=\"container\">\n\t\t\t\t\t<div class=\"e-con-inner\">\n\t\t\t\t<div class=\"elementor-element elementor-element-334e684 elementor-align-center elementor-widget__width-initial elementor-widget elementor-widget-button\" data-id=\"334e684\" data-element_type=\"widget\" data-e-type=\"widget\" data-widget_type=\"button.default\">\n\t\t\t\t<div class=\"elementor-widget-container\">\n\t\t\t\t\t\t\t\t\t<div class=\"elementor-button-wrapper\">\n\t\t\t\t\t<a class=\"elementor-button elementor-button-link elementor-size-xl\" href=\"https:\/\/drive.google.com\/file\/d\/11uXU3ZwK6ORYASFaTcWPqkkkkKA-A4gQ\/view?usp=sharing\">\n\t\t\t\t\t\t<span class=\"elementor-button-content-wrapper\">\n\t\t\t\t\t\t\t\t\t<span class=\"elementor-button-text\">R\u00e9union de rentr\u00e9e 2nde<\/span>\n\t\t\t\t\t<\/span>\n\t\t\t\t\t<\/a>\n\t\t\t\t<\/div>\n\t\t\t\t\t\t\t\t<\/div>\n\t\t\t\t<\/div>\n\t\t\t\t\t<\/div>\n\t\t\t\t<\/div>\n\t\t<div class=\"elementor-element elementor-element-6768c7d e-flex e-con-boxed e-con e-parent\" data-id=\"6768c7d\" data-element_type=\"container\" data-e-type=\"container\">\n\t\t\t\t\t<div class=\"e-con-inner\">\n\t\t\t\t<div class=\"elementor-element elementor-element-dce78ed elementor-widget elementor-widget-text-editor\" data-id=\"dce78ed\" data-element_type=\"widget\" data-e-type=\"widget\" data-widget_type=\"text-editor.default\">\n\t\t\t\t<div class=\"elementor-widget-container\">\n\t\t\t\t\t\t\t\t\t<h5><\/h5>\n<h5><span style=\"font-size: 14pt; color: #333333;\">La classe de seconde est ouverte \u00e0 tous les \u00e9l\u00e8ves qui souhaitent poursuivre en enseignement g\u00e9n\u00e9ral et technologique \u00e0 l\u2019issue de la troisi\u00e8me. <\/span><span style=\"font-size: 14pt; color: #333333;\">En d\u00e9but d&rsquo;ann\u00e9e, a lieu le test de positionnement :<\/span><\/h5>\n<img fetchpriority=\"high\" decoding=\"async\" class=\" wp-image-5044 aligncenter\" src=\"https:\/\/www.lyceeretiers.bzh\/wp-content\/uploads\/2025\/09\/infographie-test-de-positionnement-de-d-but-de-seconde-70577-212x300.jpg\" alt=\"\" width=\"253\" height=\"359\" \/>\n<div>\n\n<a href=\"https:\/\/drive.google.com\/file\/d\/1y7kj4INGImZ9FL0qzIX4bVIFubqd-yI-\/view?usp=sharing\">T\u00e9l\u00e9chargez la pr\u00e9sentation compl\u00e8te sur le test de positionnement<\/a>\n<h5><span style=\"color: #333333;\"><strong><span style=\"font-size: 14pt;\">L&rsquo;accompagnement personnalis\u00e9 s&rsquo;articule autour :<\/span><\/strong><\/span><\/h5>\n<ul>\n \t<li><span style=\"color: #333333;\">de la consolidation des acquis<\/span><\/li>\n<\/ul>\n<ul>\n \t<li><span style=\"color: #333333;\">d&rsquo;un travail sur l&rsquo;orientation (choix de sp\u00e9.)<\/span><\/li>\n<\/ul>\n<span style=\"color: #333333;\">L&rsquo;orientation fait partie int\u00e9grante de l&rsquo;accompagnement personnalis\u00e9. Les \u00e9l\u00e8ves ont la possibilit\u00e9 d&rsquo;effectuer des stages avec convention sur l&rsquo;ensemble des vacances scolaires.<\/span>\n\n<span style=\"color: #333333;\">Selon les besoins et les aspirations des \u00e9l\u00e8ves, l&rsquo;accompagnement personnalis\u00e9 se donne les objectifs suivants :<\/span>\n<ul>\n \t<li><span style=\"color: #333333;\">apporter un soutien aux \u00e9l\u00e8ves qui rencontrent des difficult\u00e9s, dans les disciplines comme dans les m\u00e9thodes\u00a0;<\/span><\/li>\n<\/ul>\n<ul>\n \t<li><span style=\"color: #333333;\">permettre aux \u00e9l\u00e8ves d&rsquo;approfondir leurs connaissances\u00a0;<\/span><\/li>\n<\/ul>\n<ul>\n \t<li><span style=\"color: #333333;\">donner aux \u00e9l\u00e8ves des m\u00e9thodes qui faciliteront leur transition vers l&rsquo;enseignement sup\u00e9rieur\u00a0;<\/span><\/li>\n<\/ul>\n<ul>\n \t<li><span style=\"color: #333333;\">accompagner le projet d&rsquo;orientation.<\/span><\/li>\n<\/ul>\n<\/div>\n<div><\/div>\n<div><\/div>\n<div>\n\n<span style=\"font-size: 14pt; color: #333333;\"><strong>Les langues vivantes propos\u00e9es<\/strong>\u00a0:<\/span>\n<ul>\n \t<li><span style=\"color: #333333;\">Anglais<\/span><\/li>\n<\/ul>\n<ul>\n \t<li><span style=\"color: #333333;\">Espagnol<\/span><\/li>\n<\/ul>\n<ul>\n \t<li><span style=\"color: #333333;\">Allemand<\/span><\/li>\n<\/ul>\n<ul>\n \t<li><span style=\"color: #333333;\">Italien<\/span><\/li>\n<\/ul>\n<\/div>\n<div><\/div>\n<div><\/div>\n<div>\n\n<span style=\"font-size: 14pt; color: #333333;\"><strong>Les <span style=\"color: #333333;\">options propos\u00e9es en seconde (e<span style=\"font-size: 14pt;\">t en<\/span><\/span><\/strong><strong> premi\u00e8re et terminale) :<\/strong><\/span>\n<ul>\n \t<li><strong>Latin<\/strong>\u00a0(3h)<\/li>\n<\/ul>\n<ul>\n \t<li><strong>Section europ\u00e9enne\u00a0\u00a0<\/strong>(2h) : les \u00e9l\u00e8ves qui le souhaitent peuvent demander une inscription en section europ\u00e9enne et suivre un enseignement dans une Discipline Non Linguistique (DNL), math\u00e9matiques en anglais ou histoire en anglais. Les admissions dans cette section se font en fonction des dossiers.<\/li>\n<\/ul>\n<ul>\n \t<li><strong>Arts plastiques<\/strong>\u00a0(1h30)<\/li>\n \t<li><strong>D\u00e9couverte du japonais<\/strong>\u00a0(1h30)<\/li>\n<\/ul>\n<ul>\n \t<li><b>Option foot mixte<\/b>\u00a0(3h00)<\/li>\n<\/ul>\n<div><\/div>\n<img decoding=\"async\" class=\"aligncenter\" src=\"http:\/\/www.lyceeretiers.bzh\/2017retiers\/images\/Seconde202201.jpg\" alt=\"\" \/>\u00a0<img decoding=\"async\" class=\"aligncenter\" src=\"http:\/\/www.lyceeretiers.bzh\/2017retiers\/images\/Seconde202202.jpg\" alt=\"\" \/>\n\n<\/div>\n<div>\n\n<span style=\"color: #333399; font-size: 18pt;\"><strong>Les nouveaut\u00e9s \u00e0 compter de la rentr\u00e9e de septembre 2024\u00a0<\/strong><\/span>\n\n<h5><strong><span style=\"font-size: 14pt;\">Option football mixte<\/span><\/strong><\/h5>\n\n<strong><img decoding=\"async\" class=\"alignnone\" src=\"https:\/\/upload.wikimedia.org\/wikipedia\/commons\/1\/1d\/Football_Pallo_valmiina-cropped.jpg\" alt=\"\" width=\"300\" height=\"157\" \/><\/strong><\/span><\/strong>\n<h5><span style=\"font-size: 14pt;\">Une option qui permet aux \u00e9l\u00e8ves d&rsquo;aller plus loin dans leur pratique du football\u00a0:<\/span>\n<span style=\"font-size: 14pt;\">&#8211; 3H00 par semaine r\u00e9parties en deux cr\u00e9neaux d&rsquo;1H30 pour des \u00e9l\u00e8ves ayant une licence de\u00a0football<\/span>\n<span style=\"font-size: 14pt;\">&#8211; une s\u00e9lection d\u00e9but juin pour former le groupe mixte (2nde\/1\u00e8re\/Terminale)<\/span><\/h5>\n\n\n<span style=\"font-size: 14pt;\"><b>Option musique<\/b><\/span>\n<h5>\u00a0 \u00a0 \u00a0 \u00a0 \u00a0 \u00a0 \u00a0 \u00a0 \u00a0 \u00a0 \u00a0 \u00a0 \u00a0 \u00a0\u00a0<strong><img decoding=\"async\" class=\"alignleft\" src=\"https:\/\/www.apprentus.fr\/blog\/wp-content\/uploads\/sites\/4\/2022\/01\/shutterstock_681809980.jpg\" alt=\"\" width=\"300\" height=\"300\" \/><\/strong><\/h5>\n<h5><span style=\"font-size: 14pt; font-family: Georgia, Palatino; color: #333333;\">&#8211; D\u00e9couverte auditive : analyse d\u2019oeuvres (r\u00e9pertoire \u201cclassique\u201d, cr\u00e9ations contemporaines, musiques actuelles, musiques du monde\u2026 ) <\/span><span style=\"font-size: 14pt; font-family: Georgia, Palatino; color: #333333;\">Une option qui\u00a0s&rsquo;adresse aux \u00e9l\u00e8ves qui ont une fibre artistique :<\/span>\n<span style=\"font-size: 14pt; font-family: Georgia, Palatino; color: #333333;\">&#8211; 1H30 par semaine<\/span>\n<span style=\"font-size: 14pt; font-family: Georgia, Palatino; color: #333333;\">&#8211;\u00a0Pratique artistique en classe : pratique vocale (individuelle et chorale) \/ instruments \/ ensembles instrumentaux \/ MAO (Musique Assist\u00e9e par Ordinateur)<\/span>\n<span style=\"font-size: 14pt; font-family: Georgia, Palatino; color: #333333;\">&#8211; Histoire de la musique : rep\u00e8res historiques et marqueurs culturels<\/span>\n<span style=\"font-size: 14pt; font-family: Georgia, Palatino; color: #333333;\">&#8211; R\u00e9flexions \/ d\u00e9bats : \u00a0Interactions entre la pratique artistique et la culture contemporain<\/span><\/h5>\n<h5><img decoding=\"async\" class=\"aligncenter\" src=\"https:\/\/www.musiclic.com\/images\/home\/les-instruments-de-musique.jpg\" alt=\"\" \/><\/h5>\n<h5><\/h5>\n<h5><strong><span style=\"font-size: 14pt;\">L&rsquo;option \u00ab\u00a0D\u00e9couvertes culturelles\u00a0\u00bb<\/span><\/strong><\/h5>\n<h5><span style=\"font-size: 14pt;\">Une option pour aller plus loin dans la d\u00e9couverte de la Culture avec des sorties culturelles et des interventions dans l&rsquo;enceinte du lyc\u00e9e.<\/span><\/h5>\n<div><img loading=\"lazy\" decoding=\"async\" class=\"aligncenter wp-image-3100 size-medium\" src=\"https:\/\/www.lyceeretiers.bzh\/wp-content\/uploads\/2024\/05\/depositphotos_29678817-stock-photo-the-word-culture-300x200.jpg\" alt=\"\" width=\"300\" height=\"200\" srcset=\"https:\/\/www.lyceeretiers.bzh\/wp-content\/uploads\/2024\/05\/depositphotos_29678817-stock-photo-the-word-culture-300x200.jpg 300w, https:\/\/www.lyceeretiers.bzh\/wp-content\/uploads\/2024\/05\/depositphotos_29678817-stock-photo-the-word-culture-768x512.jpg 768w, https:\/\/www.lyceeretiers.bzh\/wp-content\/uploads\/2024\/05\/depositphotos_29678817-stock-photo-the-word-culture.jpg 1023w\" sizes=\"(max-width: 300px) 100vw, 300px\" \/><\/div>\n<\/div>\n<div>\n<div><\/div>\n<strong>\u00a0<\/strong>\n\n<\/div>\t\t\t\t\t\t\t\t<\/div>\n\t\t\t\t<\/div>\n\t\t\t\t\t<\/div>\n\t\t\t\t<\/div>\n\t\t\t\t<\/div>\n\t\t","protected":false},"excerpt":{"rendered":"<p>Infos Secondes R\u00e9union de rentr\u00e9e 2nde La classe de seconde est ouverte \u00e0 tous les \u00e9l\u00e8ves qui souhaitent poursuivre en enseignement g\u00e9n\u00e9ral et technologique \u00e0 l\u2019issue de la troisi\u00e8me. En d\u00e9but d&rsquo;ann\u00e9e, a lieu le test de positionnement : T\u00e9l\u00e9chargez la pr\u00e9sentation compl\u00e8te sur le test de positionnement L&rsquo;accompagnement personnalis\u00e9 s&rsquo;articule autour : de la [&hellip;]<\/p>\n","protected":false},"author":1,"featured_media":0,"parent":0,"menu_order":0,"comment_status":"closed","ping_status":"closed","template":"","meta":{"footnotes":""},"class_list":["post-572","page","type-page","status-publish","hentry"],"jetpack_sharing_enabled":true,"rttpg_featured_image_url":null,"rttpg_author":{"display_name":"webretiersadmin","author_link":"https:\/\/www.lyceeretiers.bzh\/?author=1"},"rttpg_comment":0,"rttpg_category":null,"rttpg_excerpt":"Infos Secondes R\u00e9union de rentr\u00e9e 2nde La classe de seconde est ouverte \u00e0 tous les \u00e9l\u00e8ves qui souhaitent poursuivre en enseignement g\u00e9n\u00e9ral et technologique \u00e0 l\u2019issue de la troisi\u00e8me. En d\u00e9but d&rsquo;ann\u00e9e, a lieu le test de positionnement : T\u00e9l\u00e9chargez la pr\u00e9sentation compl\u00e8te sur le test de positionnement L&rsquo;accompagnement personnalis\u00e9 s&rsquo;articule autour : de la\u2026","_links":{"self":[{"href":"https:\/\/www.lyceeretiers.bzh\/index.php?rest_route=\/wp\/v2\/pages\/572","targetHints":{"allow":["GET"]}}],"collection":[{"href":"https:\/\/www.lyceeretiers.bzh\/index.php?rest_route=\/wp\/v2\/pages"}],"about":[{"href":"https:\/\/www.lyceeretiers.bzh\/index.php?rest_route=\/wp\/v2\/types\/page"}],"author":[{"embeddable":true,"href":"https:\/\/www.lyceeretiers.bzh\/index.php?rest_route=\/wp\/v2\/users\/1"}],"replies":[{"embeddable":true,"href":"https:\/\/www.lyceeretiers.bzh\/index.php?rest_route=%2Fwp%2Fv2%2Fcomments&post=572"}],"version-history":[{"count":130,"href":"https:\/\/www.lyceeretiers.bzh\/index.php?rest_route=\/wp\/v2\/pages\/572\/revisions"}],"predecessor-version":[{"id":5123,"href":"https:\/\/www.lyceeretiers.bzh\/index.php?rest_route=\/wp\/v2\/pages\/572\/revisions\/5123"}],"wp:attachment":[{"href":"https:\/\/www.lyceeretiers.bzh\/index.php?rest_route=%2Fwp%2Fv2%2Fmedia&parent=572"}],"curies":[{"name":"wp","href":"https:\/\/api.w.org\/{rel}","templated":true}]}}