{"id":547,"date":"2023-11-11T19:58:41","date_gmt":"2023-11-11T18:58:41","guid":{"rendered":"http:\/\/nouveau.lyceeretiers.bzh\/?page_id=547"},"modified":"2025-03-09T22:34:44","modified_gmt":"2025-03-09T21:34:44","slug":"espace-id","status":"publish","type":"page","link":"https:\/\/www.lyceeretiers.bzh\/?page_id=547","title":{"rendered":"Espace ID"},"content":{"rendered":"\t\t<div data-elementor-type=\"wp-page\" data-elementor-id=\"547\" class=\"elementor elementor-547\">\n\t\t\t\t\t\t<section class=\"elementor-section elementor-top-section elementor-element elementor-element-4bac58e3 elementor-section-full_width elementor-section-height-min-height elementor-section-height-default elementor-section-items-middle\" data-id=\"4bac58e3\" data-element_type=\"section\" data-e-type=\"section\" data-settings=\"{&quot;background_background&quot;:&quot;slideshow&quot;,&quot;background_slideshow_gallery&quot;:[{&quot;id&quot;:1329,&quot;url&quot;:&quot;https:\\\/\\\/www.lyceeretiers.bzh\\\/wp-content\\\/uploads\\\/2024\\\/01\\\/lycee_rogne_bis.png&quot;}],&quot;background_slideshow_loop&quot;:&quot;yes&quot;,&quot;background_slideshow_slide_duration&quot;:5000,&quot;background_slideshow_slide_transition&quot;:&quot;fade&quot;,&quot;background_slideshow_transition_duration&quot;:500}\">\n\t\t\t\t\t\t<div class=\"elementor-container elementor-column-gap-default\">\n\t\t\t\t\t<div class=\"elementor-column elementor-col-100 elementor-top-column elementor-element elementor-element-544ff4a2\" data-id=\"544ff4a2\" data-element_type=\"column\" data-e-type=\"column\">\n\t\t\t<div class=\"elementor-widget-wrap elementor-element-populated\">\n\t\t\t\t\t\t<div class=\"elementor-element elementor-element-2410907b elementor-widget elementor-widget-text-editor\" data-id=\"2410907b\" data-element_type=\"widget\" data-e-type=\"widget\" data-widget_type=\"text-editor.default\">\n\t\t\t\t<div class=\"elementor-widget-container\">\n\t\t\t\t\t\t\t\t\t<p>Espace ID<\/p>\t\t\t\t\t\t\t\t<\/div>\n\t\t\t\t<\/div>\n\t\t\t\t\t<\/div>\n\t\t<\/div>\n\t\t\t\t\t<\/div>\n\t\t<\/section>\n\t\t\t\t<section class=\"elementor-section elementor-top-section elementor-element elementor-element-453c196 elementor-section-boxed elementor-section-height-default elementor-section-height-default\" data-id=\"453c196\" data-element_type=\"section\" data-e-type=\"section\">\n\t\t\t\t\t\t<div class=\"elementor-container elementor-column-gap-default\">\n\t\t\t\t\t<div class=\"elementor-column elementor-col-100 elementor-top-column elementor-element elementor-element-dab2a87\" data-id=\"dab2a87\" data-element_type=\"column\" data-e-type=\"column\">\n\t\t\t<div class=\"elementor-widget-wrap elementor-element-populated\">\n\t\t\t\t\t\t<div class=\"elementor-element elementor-element-b7495d1 elementor-widget elementor-widget-text-editor\" data-id=\"b7495d1\" data-element_type=\"widget\" data-e-type=\"widget\" data-widget_type=\"text-editor.default\">\n\t\t\t\t<div class=\"elementor-widget-container\">\n\t\t\t\t\t\t\t\t\t<p style=\"margin: 10px 0px; padding: 0px; text-align: center;\"><span style=\"font-size: 14pt; color: #808080;\"><img fetchpriority=\"high\" decoding=\"async\" class=\"alignnone size-medium wp-image-4637\" src=\"https:\/\/www.lyceeretiers.bzh\/wp-content\/uploads\/2024\/11\/20241123_103529-300x169.jpg\" alt=\"\" width=\"300\" height=\"169\" srcset=\"https:\/\/www.lyceeretiers.bzh\/wp-content\/uploads\/2024\/11\/20241123_103529-300x169.jpg 300w, https:\/\/www.lyceeretiers.bzh\/wp-content\/uploads\/2024\/11\/20241123_103529-1024x577.jpg 1024w, https:\/\/www.lyceeretiers.bzh\/wp-content\/uploads\/2024\/11\/20241123_103529-768x432.jpg 768w, https:\/\/www.lyceeretiers.bzh\/wp-content\/uploads\/2024\/11\/20241123_103529-1536x865.jpg 1536w, https:\/\/www.lyceeretiers.bzh\/wp-content\/uploads\/2024\/11\/20241123_103529-2048x1153.jpg 2048w\" sizes=\"(max-width: 300px) 100vw, 300px\" \/><\/span><\/p><p style=\"margin: 10px 0px; padding: 0px; color: #333333; font-family: 'Segoe UI', Arial, Helvetica, sans-serif; font-size: 12.8px; text-align: left;\"><span style=\"color: #808080; font-size: 14pt;\">\u00a0 \u00a0 \u00a0 \u00a0 \u00a0 \u00a0 \u00a0 \u00a0 \u00a0 \u00a0 \u00a0 \u00a0 \u00a0 \u00a0<\/span><\/p><p style=\"margin: 10px 0px; padding: 0px; color: #333333; font-family: 'Segoe UI', Arial, Helvetica, sans-serif; font-size: 12.8px;\"><span style=\"color: #808080; font-size: 14pt;\">R\u00e9sumons en quelques mots l&rsquo;esprit de ce lieu :<\/span><\/p><p style=\"margin: 10px 0px; padding: 0px; color: #333333; font-family: 'Segoe UI', Arial, Helvetica, sans-serif; font-size: 12.8px;\"><strong><span style=\"font-size: 14pt; color: #808080;\">Qui\u00a0peut venir dans cet espace de deux salles ?<\/span><\/strong><\/p><p style=\"margin: 10px 0px; padding: 0px; color: #333333; font-family: 'Segoe UI', Arial, Helvetica, sans-serif; font-size: 12.8px; text-align: justify;\"><span style=\"font-size: 14pt; color: #808080;\">El\u00e8ves, professeurs, tous les membres de l&rsquo;\u00e9quipe \u00e9ducative, personnel de l&rsquo;\u00e9tablissement et parents du BDI.<\/span><\/p><p style=\"margin: 10px 0px; padding: 0px; color: #333333; font-family: 'Segoe UI', Arial, Helvetica, sans-serif; font-size: 12.8px;\"><strong><span style=\"font-size: 14pt; color: #808080;\">Qu&rsquo;est-ce qu&rsquo;on y fait et\u00a0comment\u00a0?<\/span><\/strong><\/p><p style=\"margin: 10px 0px; padding: 0px; color: #333333; font-family: 'Segoe UI', Arial, Helvetica, sans-serif; font-size: 12.8px;\"><span style=\"font-size: 14pt; color: #808080;\">On vient pour le plaisir de LIRE bien s\u00fbr&#8230;\u00a0 \u00a0 \u00a0 \u00a0 \u00a0 \u00a0 \u00a0\u00a0<img decoding=\"async\" style=\"border-width: 0px; border-style: initial;\" src=\"http:\/\/www.lyceeretiers.bzh\/2017retiers\/images\/plaisir_de_lire.jpg\" alt=\"plaisir de lire\" width=\"136\" height=\"208\" \/><\/span><\/p><p style=\"margin: 10px 0px; padding: 0px; color: #333333; font-family: 'Segoe UI', Arial, Helvetica, sans-serif; font-size: 12.8px; text-align: left;\"><span style=\"font-size: 14pt; color: #808080;\">mais aussi pour rechercher des informations :<\/span><\/p><p style=\"margin: 10px 0px; padding: 0px; color: #333333; font-family: 'Segoe UI', Arial, Helvetica, sans-serif; font-size: 12.8px; text-align: left;\"><span style=\"font-size: 14pt; color: #808080;\"><img decoding=\"async\" style=\"border-width: 0px; border-style: initial; float: left;\" src=\"http:\/\/www.lyceeretiers.bzh\/2017retiers\/images\/the-thinker-of-rodin-1144887_960_720.jpg\" alt=\"\" width=\"134\" height=\"178\" \/>\u00a0 \u00a0<strong>R\u00e9fl\u00e9chir\u00a0<\/strong><\/span><\/p><p style=\"margin: 10px 0px; padding: 0px; color: #333333; font-family: 'Segoe UI', Arial, Helvetica, sans-serif; font-size: 12.8px; text-align: left;\"><span style=\"font-size: 14pt; color: #808080;\">\u00a0 \u00a0Avant toute recherche documentaire<\/span><\/p><p style=\"margin: 10px 0px; padding: 0px; color: #333333; font-family: 'Segoe UI', Arial, Helvetica, sans-serif; font-size: 12.8px; text-align: left;\"><span style=\"font-size: 14pt; color: #808080;\">\u00a0 \u00a0il s&rsquo;agit de questionner, analyser,<\/span><\/p><p style=\"margin: 10px 0px; padding: 0px; color: #333333; font-family: 'Segoe UI', Arial, Helvetica, sans-serif; font-size: 12.8px; text-align: left;\"><span style=\"font-size: 14pt; color: #808080;\">\u00a0 \u00a0comprendre le sujet en v\u00e9rifiant<\/span><\/p><p style=\"margin: 10px 0px; padding: 0px; color: #333333; font-family: 'Segoe UI', Arial, Helvetica, sans-serif; font-size: 12.8px; text-align: left;\"><span style=\"font-size: 14pt; color: #808080;\">\u00a0 \u00a0si on comprend bien le sens des mots<\/span><\/p><p style=\"margin: 10px 0px; padding: 0px; color: #333333; font-family: 'Segoe UI', Arial, Helvetica, sans-serif; font-size: 12.8px; text-align: left;\"><span style=\"font-size: 14pt; color: #808080;\">\u00a0 \u00a0et les consignes donn\u00e9s.<\/span><\/p><p style=\"margin: 10px 0px; padding: 0px; color: #333333; font-family: 'Segoe UI', Arial, Helvetica, sans-serif; font-size: 12.8px; text-align: left;\"><span style=\"font-size: 14pt; color: #808080;\"><img loading=\"lazy\" decoding=\"async\" style=\"border-width: 0px; border-style: initial; float: left;\" src=\"http:\/\/www.lyceeretiers.bzh\/2017retiers\/images\/microbiologist-1332292_960_720.jpg\" alt=\"\" width=\"130\" height=\"185\" \/>\u00a0 \u00a0<\/span><\/p><p style=\"margin: 10px 0px; padding: 0px; color: #333333; font-family: 'Segoe UI', Arial, Helvetica, sans-serif; font-size: 12.8px; text-align: left;\"><span style=\"font-size: 14pt; color: #808080;\">\u00a0 \u00a0<strong>Rechercher\u00a0<\/strong><\/span><\/p><p style=\"margin: 10px 0px; padding: 0px; color: #333333; font-family: 'Segoe UI', Arial, Helvetica, sans-serif; font-size: 12.8px; text-align: left;\"><span style=\"font-size: 14pt; color: #808080;\">\u00a0 \u00a0Comme tout chercheur,<\/span><\/p><p style=\"margin: 10px 0px; padding: 0px; color: #333333; font-family: 'Segoe UI', Arial, Helvetica, sans-serif; font-size: 12.8px; text-align: left;\"><span style=\"font-size: 14pt; color: #808080;\">\u00a0 \u00a0on proc\u00e8de avec m\u00e9thode,<\/span><\/p><p style=\"margin: 10px 0px; padding: 0px; color: #333333; font-family: 'Segoe UI', Arial, Helvetica, sans-serif; font-size: 12.8px; text-align: left;\"><span style=\"font-size: 14pt; color: #808080;\">\u00a0 \u00a0pr\u00e9caution et pers\u00e9v\u00e9rance.<\/span><\/p><p style=\"margin: 10px 0px; padding: 0px; color: #333333; font-family: 'Segoe UI', Arial, Helvetica, sans-serif; font-size: 12.8px; text-align: left;\"><span style=\"font-size: 14pt; color: #808080;\"><img loading=\"lazy\" decoding=\"async\" style=\"border-width: 0px; border-style: initial; float: left;\" src=\"http:\/\/www.lyceeretiers.bzh\/2017retiers\/images\/mountain-climbers-603617_960_720.jpg\" alt=\"\" width=\"242\" height=\"181\" \/><\/span><\/p><p style=\"margin: 10px 0px; padding: 0px; color: #333333; font-family: 'Segoe UI', Arial, Helvetica, sans-serif; font-size: 12.8px; text-align: left;\"><span style=\"font-size: 14pt; color: #808080;\">\u00a0 \u00a0<strong>R\u00e9aliser\u00a0<\/strong><\/span><\/p><p style=\"margin: 10px 0px; padding: 0px; color: #333333; font-family: 'Segoe UI', Arial, Helvetica, sans-serif; font-size: 12.8px; text-align: left;\"><span style=\"font-size: 14pt; color: #808080;\">\u00a0 \u00a0Toute r\u00e9alisation &#8211; que ce soit un expos\u00e9 oral,<\/span><\/p><p style=\"margin: 10px 0px; padding: 0px; color: #333333; font-family: 'Segoe UI', Arial, Helvetica, sans-serif; font-size: 12.8px; text-align: left;\"><span style=\"font-size: 14pt; color: #808080;\">\u00a0 \u00a0 un rapport \u00e9crit, une vid\u00e9o,\u00a0une affiche ou un jeu &#8211;<\/span><\/p><p style=\"margin: 10px 0px; padding: 0px; color: #333333; font-family: 'Segoe UI', Arial, Helvetica, sans-serif; font-size: 12.8px; text-align: left;\"><span style=\"font-size: 14pt; color: #808080;\">\u00a0 \u00a0 demande un investissement personnel<\/span><\/p><p style=\"margin: 10px 0px; padding: 0px; color: #333333; font-family: 'Segoe UI', Arial, Helvetica, sans-serif; font-size: 12.8px; text-align: left;\"><span style=\"font-size: 14pt; color: #808080;\">\u00a0 \u00a0 et bien souvent un effort collectif.<\/span><\/p><p style=\"margin: 10px 0px; padding: 0px; color: #333333; font-family: 'Segoe UI', Arial, Helvetica, sans-serif; font-size: 12.8px; text-align: left;\"><span style=\"font-size: 14pt; color: #808080;\">\u00a0 \u00a0 Le travail en groupe eixge partage de savoir et savoir faire.<\/span><\/p><p style=\"margin: 10px 0px; padding: 0px; color: #333333; font-family: 'Segoe UI', Arial, Helvetica, sans-serif; font-size: 12.8px; text-align: left;\"><span style=\"font-size: 14pt; color: #808080;\"><img loading=\"lazy\" decoding=\"async\" style=\"border-width: 0px; border-style: initial; float: left;\" src=\"http:\/\/www.lyceeretiers.bzh\/2017retiers\/images\/fake-1903774_960_720.png\" alt=\"\" width=\"263\" height=\"178\" \/>\u00a0<strong>R\u00e9sister<\/strong><\/span><\/p><p style=\"margin: 10px 0px; padding: 0px; color: #333333; font-family: 'Segoe UI', Arial, Helvetica, sans-serif; font-size: 12.8px; text-align: left;\"><span style=\"font-size: 14pt; color: #808080;\">Apprendre \u00e0 r\u00e9sister contre des manipulations<\/span><\/p><p style=\"margin: 10px 0px; padding: 0px; color: #333333; font-family: 'Segoe UI', Arial, Helvetica, sans-serif; font-size: 12.8px; text-align: left;\"><span style=\"font-size: 14pt; color: #808080;\">(fausses informations, images truqu\u00e9es)<\/span><\/p><p style=\"margin: 10px 0px; padding: 0px; color: #333333; font-family: 'Segoe UI', Arial, Helvetica, sans-serif; font-size: 12.8px; text-align: left;\"><span style=\"font-size: 14pt; color: #808080;\">et tentations de toutes sortes<\/span><\/p><p style=\"margin: 10px 0px; padding: 0px; color: #333333; font-family: 'Segoe UI', Arial, Helvetica, sans-serif; font-size: 12.8px; text-align: left;\"><span style=\"font-size: 14pt; color: #808080;\">est un enjeu\u00a0majeur du travail dans l&rsquo;EspaceID.<\/span><\/p><p><!-- Remaining content here --><\/p>\t\t\t\t\t\t\t\t<\/div>\n\t\t\t\t<\/div>\n\t\t\t\t\t<\/div>\n\t\t<\/div>\n\t\t\t\t\t<\/div>\n\t\t<\/section>\n\t\t\t\t<\/div>\n\t\t","protected":false},"excerpt":{"rendered":"<p>Espace ID \u00a0 \u00a0 \u00a0 \u00a0 \u00a0 \u00a0 \u00a0 \u00a0 \u00a0 \u00a0 \u00a0 \u00a0 \u00a0 \u00a0 R\u00e9sumons en quelques mots l&rsquo;esprit de ce lieu : Qui\u00a0peut venir dans cet espace de deux salles ? El\u00e8ves, professeurs, tous les membres de l&rsquo;\u00e9quipe \u00e9ducative, personnel de l&rsquo;\u00e9tablissement et parents du BDI. Qu&rsquo;est-ce qu&rsquo;on y fait et\u00a0comment\u00a0? On [&hellip;]<\/p>\n","protected":false},"author":1,"featured_media":0,"parent":0,"menu_order":0,"comment_status":"closed","ping_status":"closed","template":"","meta":{"footnotes":""},"class_list":["post-547","page","type-page","status-publish","hentry"],"jetpack_sharing_enabled":true,"rttpg_featured_image_url":null,"rttpg_author":{"display_name":"webretiersadmin","author_link":"https:\/\/www.lyceeretiers.bzh\/?author=1"},"rttpg_comment":0,"rttpg_category":null,"rttpg_excerpt":"Espace ID \u00a0 \u00a0 \u00a0 \u00a0 \u00a0 \u00a0 \u00a0 \u00a0 \u00a0 \u00a0 \u00a0 \u00a0 \u00a0 \u00a0 R\u00e9sumons en quelques mots l&rsquo;esprit de ce lieu : Qui\u00a0peut venir dans cet espace de deux salles ? El\u00e8ves, professeurs, tous les membres de l&rsquo;\u00e9quipe \u00e9ducative, personnel de l&rsquo;\u00e9tablissement et parents du BDI. Qu&rsquo;est-ce qu&rsquo;on y fait et\u00a0comment\u00a0? On\u2026","_links":{"self":[{"href":"https:\/\/www.lyceeretiers.bzh\/index.php?rest_route=\/wp\/v2\/pages\/547","targetHints":{"allow":["GET"]}}],"collection":[{"href":"https:\/\/www.lyceeretiers.bzh\/index.php?rest_route=\/wp\/v2\/pages"}],"about":[{"href":"https:\/\/www.lyceeretiers.bzh\/index.php?rest_route=\/wp\/v2\/types\/page"}],"author":[{"embeddable":true,"href":"https:\/\/www.lyceeretiers.bzh\/index.php?rest_route=\/wp\/v2\/users\/1"}],"replies":[{"embeddable":true,"href":"https:\/\/www.lyceeretiers.bzh\/index.php?rest_route=%2Fwp%2Fv2%2Fcomments&post=547"}],"version-history":[{"count":28,"href":"https:\/\/www.lyceeretiers.bzh\/index.php?rest_route=\/wp\/v2\/pages\/547\/revisions"}],"predecessor-version":[{"id":4881,"href":"https:\/\/www.lyceeretiers.bzh\/index.php?rest_route=\/wp\/v2\/pages\/547\/revisions\/4881"}],"wp:attachment":[{"href":"https:\/\/www.lyceeretiers.bzh\/index.php?rest_route=%2Fwp%2Fv2%2Fmedia&parent=547"}],"curies":[{"name":"wp","href":"https:\/\/api.w.org\/{rel}","templated":true}]}}