{"id":545,"date":"2023-11-11T19:58:23","date_gmt":"2023-11-11T18:58:23","guid":{"rendered":"http:\/\/nouveau.lyceeretiers.bzh\/?page_id=545"},"modified":"2025-03-17T11:11:50","modified_gmt":"2025-03-17T10:11:50","slug":"pastorale","status":"publish","type":"page","link":"https:\/\/www.lyceeretiers.bzh\/?page_id=545","title":{"rendered":"Pastorale"},"content":{"rendered":"\t\t<div data-elementor-type=\"wp-page\" data-elementor-id=\"545\" class=\"elementor elementor-545\">\n\t\t\t\t\t\t<section class=\"elementor-section elementor-top-section elementor-element elementor-element-5125ff03 elementor-section-full_width elementor-section-height-min-height elementor-section-height-default elementor-section-items-middle\" data-id=\"5125ff03\" data-element_type=\"section\" data-e-type=\"section\" data-settings=\"{&quot;background_background&quot;:&quot;slideshow&quot;,&quot;background_slideshow_gallery&quot;:[{&quot;id&quot;:1329,&quot;url&quot;:&quot;https:\\\/\\\/www.lyceeretiers.bzh\\\/wp-content\\\/uploads\\\/2024\\\/01\\\/lycee_rogne_bis.png&quot;}],&quot;background_slideshow_loop&quot;:&quot;yes&quot;,&quot;background_slideshow_slide_duration&quot;:5000,&quot;background_slideshow_slide_transition&quot;:&quot;fade&quot;,&quot;background_slideshow_transition_duration&quot;:500}\">\n\t\t\t\t\t\t<div class=\"elementor-container elementor-column-gap-default\">\n\t\t\t\t\t<div class=\"elementor-column elementor-col-100 elementor-top-column elementor-element elementor-element-5841c363\" data-id=\"5841c363\" data-element_type=\"column\" data-e-type=\"column\">\n\t\t\t<div class=\"elementor-widget-wrap elementor-element-populated\">\n\t\t\t\t\t\t<div class=\"elementor-element elementor-element-4ca8d93e elementor-widget elementor-widget-text-editor\" data-id=\"4ca8d93e\" data-element_type=\"widget\" data-e-type=\"widget\" data-widget_type=\"text-editor.default\">\n\t\t\t\t<div class=\"elementor-widget-container\">\n\t\t\t\t\t\t\t\t\t<p>Pastorale<\/p>\t\t\t\t\t\t\t\t<\/div>\n\t\t\t\t<\/div>\n\t\t\t\t\t<\/div>\n\t\t<\/div>\n\t\t\t\t\t<\/div>\n\t\t<\/section>\n\t\t\t\t<section class=\"elementor-section elementor-top-section elementor-element elementor-element-a37fdee elementor-section-boxed elementor-section-height-default elementor-section-height-default\" data-id=\"a37fdee\" data-element_type=\"section\" data-e-type=\"section\">\n\t\t\t\t\t\t<div class=\"elementor-container elementor-column-gap-default\">\n\t\t\t\t\t<div class=\"elementor-column elementor-col-100 elementor-top-column elementor-element elementor-element-1702a15\" data-id=\"1702a15\" data-element_type=\"column\" data-e-type=\"column\">\n\t\t\t<div class=\"elementor-widget-wrap elementor-element-populated\">\n\t\t\t\t\t\t<div class=\"elementor-element elementor-element-e17e546 elementor-widget elementor-widget-text-editor\" data-id=\"e17e546\" data-element_type=\"widget\" data-e-type=\"widget\" data-widget_type=\"text-editor.default\">\n\t\t\t\t<div class=\"elementor-widget-container\">\n\t\t\t\t\t\t\t\t\t<div style=\"font-family: 'Segoe UI', Arial, Helvetica, sans-serif; font-size: 12.8px;\"><p style=\"text-align: center;\"><span style=\"color: #333333; font-family: 'Segoe UI',Arial,Helvetica,sans-serif; font-size: 12.8px; text-align: justify;\"><span style=\"font-size: 18pt; color: #ff9900;\"><b><span style=\"font-family: Georgia, Palatino; color: #808080;\">Une pastorale ouverte qui s\u2019adresse \u00e0 toutes et tous<\/span><br \/><\/b><\/span><br \/><img fetchpriority=\"high\" decoding=\"async\" class=\"alignnone size-medium wp-image-3058\" src=\"https:\/\/www.lyceeretiers.bzh\/wp-content\/uploads\/2024\/05\/neuvaine-184x300.png\" alt=\"\" width=\"184\" height=\"300\" srcset=\"https:\/\/www.lyceeretiers.bzh\/wp-content\/uploads\/2024\/05\/neuvaine-184x300.png 184w, https:\/\/www.lyceeretiers.bzh\/wp-content\/uploads\/2024\/05\/neuvaine.png 300w\" sizes=\"(max-width: 184px) 100vw, 184px\" \/><br \/><\/span><\/p><h6 dir=\"ltr\" style=\"line-height: 1.44; text-align: justify; background-color: #ffffff; margin-top: 10pt; margin-bottom: 0pt; padding: 0pt 0pt 2pt 0pt;\"><span style=\"font-size: 14pt; font-family: Georgia, Palatino; color: #808080; background-color: #ffffff; font-weight: 400; font-style: normal; font-variant: normal; text-decoration: none; vertical-align: baseline; white-space: pre-wrap;\">Etant un \u00e9tablissement catholique, la mission du lyc\u00e9e est d&rsquo;enseigner et d&rsquo;\u00e9duquer les jeunes que les familles lui confient, dans un climat humain et spirituel, se r\u00e9f\u00e9rant explicitement aux valeurs \u00e9vang\u00e9liques.\u00a0 Une Commission Pastorale fait des propositions aux \u00e9l\u00e8ves pour des temps de rencontre, de r\u00e9flexion ou de c\u00e9l\u00e9bration \u00e0 l&rsquo;occasion des grandes f\u00eates liturgiques.<\/span><\/h6><h6>\u00a0<\/h6><h2 dir=\"ltr\"><span style=\"font-family: Georgia, Palatino; font-size: 14pt;\">Les moments importants qui rythment l&rsquo;ann\u00e9e liturgique sont l&rsquo;occasion de proposer aux \u00e9l\u00e8ves volontaires des c\u00e9l\u00e9brations et des temps forts.<\/span><\/h2><h1><span style=\"font-family: Georgia, Palatino; font-size: 18pt; color: #808080;\">No\u00ebl 2023 : th\u00e8me de l\u2019engagement<\/span><span style=\"font-size: 14pt;\"><i><br \/><\/i><\/span><\/h1><h2 style=\"text-align: center;\"><i style=\"font-size: 14pt; text-align: center; color: #333333; font-family: Tahoma, Helvetica, Arial, sans-serif; font-weight: var( --e-global-typography-text-font-weight );\"><img decoding=\"async\" class=\"alignnone size-medium wp-image-4884\" src=\"https:\/\/www.lyceeretiers.bzh\/wp-content\/uploads\/2025\/03\/1703231822972-1-139x300.jpg\" alt=\"\" width=\"139\" height=\"300\" srcset=\"https:\/\/www.lyceeretiers.bzh\/wp-content\/uploads\/2025\/03\/1703231822972-1-139x300.jpg 139w, https:\/\/www.lyceeretiers.bzh\/wp-content\/uploads\/2025\/03\/1703231822972-1-473x1024.jpg 473w, https:\/\/www.lyceeretiers.bzh\/wp-content\/uploads\/2025\/03\/1703231822972-1-768x1663.jpg 768w, https:\/\/www.lyceeretiers.bzh\/wp-content\/uploads\/2025\/03\/1703231822972-1-709x1536.jpg 709w, https:\/\/www.lyceeretiers.bzh\/wp-content\/uploads\/2025\/03\/1703231822972-1-946x2048.jpg 946w, https:\/\/www.lyceeretiers.bzh\/wp-content\/uploads\/2025\/03\/1703231822972-1-scaled.jpg 1182w\" sizes=\"(max-width: 139px) 100vw, 139px\" \/><\/i><span style=\"font-size: 14pt;\"><i><br \/><\/i><\/span><\/h2><div style=\"color: #333333; font-family: Tahoma, Helvetica, Arial, sans-serif; font-size: 12.16px;\"><p style=\"text-align: left;\"><span style=\"font-family: Georgia, Palatino; font-size: 14pt; color: #808080;\">t\u00e9moignages d\u2019\u00e9l\u00e8ves du lyc\u00e9e ayant particip\u00e9 au P\u00e9l\u00e9-service \u00e0 Lourdes ou aux Journ\u00e9es Mondiales de la Jeunesse \u00e0 Lisbonne<\/span><\/p><p><img decoding=\"async\" class=\"alignnone size-medium wp-image-4883 aligncenter\" src=\"https:\/\/www.lyceeretiers.bzh\/wp-content\/uploads\/2025\/03\/1703242305284-2-139x300.jpg\" alt=\"\" width=\"139\" height=\"300\" srcset=\"https:\/\/www.lyceeretiers.bzh\/wp-content\/uploads\/2025\/03\/1703242305284-2-139x300.jpg 139w, https:\/\/www.lyceeretiers.bzh\/wp-content\/uploads\/2025\/03\/1703242305284-2-473x1024.jpg 473w, https:\/\/www.lyceeretiers.bzh\/wp-content\/uploads\/2025\/03\/1703242305284-2-768x1663.jpg 768w, https:\/\/www.lyceeretiers.bzh\/wp-content\/uploads\/2025\/03\/1703242305284-2-709x1536.jpg 709w, https:\/\/www.lyceeretiers.bzh\/wp-content\/uploads\/2025\/03\/1703242305284-2-946x2048.jpg 946w, https:\/\/www.lyceeretiers.bzh\/wp-content\/uploads\/2025\/03\/1703242305284-2-scaled.jpg 1182w\" sizes=\"(max-width: 139px) 100vw, 139px\" \/><\/p><h5 style=\"text-align: center;\"><span style=\"font-family: Georgia, Palatino; font-size: 14pt; color: #808080;\">\u00a0C\u00e9l\u00e9bration de No\u00ebl 2023<br \/>La c\u00e9l\u00e9bration qui a eu lieu lors de l&rsquo;inauguration des nouveaux locaux du lyc\u00e9e a permis de r\u00e9affirmer l&rsquo;identit\u00e9 de l&rsquo;\u00e9tablissement.\u00a0\u00a0<\/span><\/h5><p>\u00a0<\/p><h5><span style=\"font-size: 14pt;\">\u00a0 \u00a0 \u00a0 \u00a0 \u00a0 \u00a0 \u00a0 \u00a0 \u00a0 \u00a0 \u00a0 \u00a0 \u00a0 \u00a0 \u00a0 \u00a0 \u00a0 \u00a0 \u00a0 \u00a0 \u00a0 \u00a0<span style=\"font-family: Georgia, Palatino; color: #808080;\"> \u00a0 \u00a0 \u00a0 \u00a0 \u00a0 \u00a0 \u00a0Des propositions comme le P\u00e9l\u00e9-service \u00e0 Lourdes :<\/span><\/span><\/h5><p style=\"text-align: center;\"><span style=\"font-size: 14pt;\"><em><img loading=\"lazy\" decoding=\"async\" class=\"alignnone size-medium wp-image-4885\" src=\"https:\/\/www.lyceeretiers.bzh\/wp-content\/uploads\/2025\/03\/IMG_20241003_080844-1-300x225.jpg\" alt=\"\" width=\"300\" height=\"225\" srcset=\"https:\/\/www.lyceeretiers.bzh\/wp-content\/uploads\/2025\/03\/IMG_20241003_080844-1-300x225.jpg 300w, https:\/\/www.lyceeretiers.bzh\/wp-content\/uploads\/2025\/03\/IMG_20241003_080844-1-1024x768.jpg 1024w, https:\/\/www.lyceeretiers.bzh\/wp-content\/uploads\/2025\/03\/IMG_20241003_080844-1-768x576.jpg 768w, https:\/\/www.lyceeretiers.bzh\/wp-content\/uploads\/2025\/03\/IMG_20241003_080844-1-1536x1152.jpg 1536w, https:\/\/www.lyceeretiers.bzh\/wp-content\/uploads\/2025\/03\/IMG_20241003_080844-1-2048x1536.jpg 2048w\" sizes=\"(max-width: 300px) 100vw, 300px\" \/> <img loading=\"lazy\" decoding=\"async\" class=\"alignnone size-medium wp-image-4886\" src=\"https:\/\/www.lyceeretiers.bzh\/wp-content\/uploads\/2025\/03\/IMG_20231006_212809-300x225.jpg\" alt=\"\" width=\"300\" height=\"225\" srcset=\"https:\/\/www.lyceeretiers.bzh\/wp-content\/uploads\/2025\/03\/IMG_20231006_212809-300x225.jpg 300w, https:\/\/www.lyceeretiers.bzh\/wp-content\/uploads\/2025\/03\/IMG_20231006_212809-1024x768.jpg 1024w, https:\/\/www.lyceeretiers.bzh\/wp-content\/uploads\/2025\/03\/IMG_20231006_212809-768x576.jpg 768w, https:\/\/www.lyceeretiers.bzh\/wp-content\/uploads\/2025\/03\/IMG_20231006_212809-1536x1152.jpg 1536w, https:\/\/www.lyceeretiers.bzh\/wp-content\/uploads\/2025\/03\/IMG_20231006_212809-2048x1536.jpg 2048w\" sizes=\"(max-width: 300px) 100vw, 300px\" \/><\/em><\/span><\/p><p><span style=\"font-size: 14pt;\"><em>\u00a0<\/em><\/span><\/p><\/div><div style=\"text-align: justify;\"><h5><span style=\"font-family: Georgia, Palatino; font-size: 14pt; color: #808080;\">Dans le cadre de notre appartenance commune au r\u00e9seau mennaisien, nous avons tiss\u00e9 des liens pastoraux avec nos \u00ab\u00a0cousins\u00a0\u00bb du coll\u00e8ge de la Guerche pour l&rsquo;organisation de temps forts communs.<\/span><\/h5><p style=\"text-align: center;\"><img loading=\"lazy\" decoding=\"async\" class=\"alignnone size-medium wp-image-4887\" src=\"https:\/\/www.lyceeretiers.bzh\/wp-content\/uploads\/2025\/03\/20240415_152037-1-300x225.jpg\" alt=\"\" width=\"300\" height=\"225\" srcset=\"https:\/\/www.lyceeretiers.bzh\/wp-content\/uploads\/2025\/03\/20240415_152037-1-300x225.jpg 300w, https:\/\/www.lyceeretiers.bzh\/wp-content\/uploads\/2025\/03\/20240415_152037-1-1024x768.jpg 1024w, https:\/\/www.lyceeretiers.bzh\/wp-content\/uploads\/2025\/03\/20240415_152037-1-768x576.jpg 768w, https:\/\/www.lyceeretiers.bzh\/wp-content\/uploads\/2025\/03\/20240415_152037-1-1536x1152.jpg 1536w, https:\/\/www.lyceeretiers.bzh\/wp-content\/uploads\/2025\/03\/20240415_152037-1-2048x1536.jpg 2048w\" sizes=\"(max-width: 300px) 100vw, 300px\" \/><\/p><\/div><p>\u00a0<\/p><div style=\"text-align: justify;\"><p><span style=\"font-size: 18pt; font-family: Georgia, Palatino;\"><b>\u201cVotre perfection ne consiste point dans les grandes choses qui arrivent rarement mais dans les petites choses qui arrivent tous les jours.\u201d<\/b><\/span><\/p><p>\u00a0<\/p><div style=\"text-align: center;\"><span style=\"font-size: 18pt;\">Jean-Marie de La Mennais<\/span><\/div><\/div><\/div><div style=\"font-family: 'Segoe UI', Arial, Helvetica, sans-serif; font-size: 12.8px; text-align: justify;\">\u00a0<\/div>\t\t\t\t\t\t\t\t<\/div>\n\t\t\t\t<\/div>\n\t\t\t\t\t<\/div>\n\t\t<\/div>\n\t\t\t\t\t<\/div>\n\t\t<\/section>\n\t\t\t\t<\/div>\n\t\t","protected":false},"excerpt":{"rendered":"<p>Pastorale Une pastorale ouverte qui s\u2019adresse \u00e0 toutes et tous Etant un \u00e9tablissement catholique, la mission du lyc\u00e9e est d&rsquo;enseigner et d&rsquo;\u00e9duquer les jeunes que les familles lui confient, dans un climat humain et spirituel, se r\u00e9f\u00e9rant explicitement aux valeurs \u00e9vang\u00e9liques.\u00a0 Une Commission Pastorale fait des propositions aux \u00e9l\u00e8ves pour des temps de rencontre, de [&hellip;]<\/p>\n","protected":false},"author":1,"featured_media":0,"parent":0,"menu_order":0,"comment_status":"closed","ping_status":"closed","template":"","meta":{"footnotes":""},"class_list":["post-545","page","type-page","status-publish","hentry"],"jetpack_sharing_enabled":true,"rttpg_featured_image_url":null,"rttpg_author":{"display_name":"webretiersadmin","author_link":"https:\/\/www.lyceeretiers.bzh\/?author=1"},"rttpg_comment":0,"rttpg_category":null,"rttpg_excerpt":"Pastorale Une pastorale ouverte qui s\u2019adresse \u00e0 toutes et tous Etant un \u00e9tablissement catholique, la mission du lyc\u00e9e est d&rsquo;enseigner et d&rsquo;\u00e9duquer les jeunes que les familles lui confient, dans un climat humain et spirituel, se r\u00e9f\u00e9rant explicitement aux valeurs \u00e9vang\u00e9liques.\u00a0 Une Commission Pastorale fait des propositions aux \u00e9l\u00e8ves pour des temps de rencontre, de\u2026","_links":{"self":[{"href":"https:\/\/www.lyceeretiers.bzh\/index.php?rest_route=\/wp\/v2\/pages\/545","targetHints":{"allow":["GET"]}}],"collection":[{"href":"https:\/\/www.lyceeretiers.bzh\/index.php?rest_route=\/wp\/v2\/pages"}],"about":[{"href":"https:\/\/www.lyceeretiers.bzh\/index.php?rest_route=\/wp\/v2\/types\/page"}],"author":[{"embeddable":true,"href":"https:\/\/www.lyceeretiers.bzh\/index.php?rest_route=\/wp\/v2\/users\/1"}],"replies":[{"embeddable":true,"href":"https:\/\/www.lyceeretiers.bzh\/index.php?rest_route=%2Fwp%2Fv2%2Fcomments&post=545"}],"version-history":[{"count":31,"href":"https:\/\/www.lyceeretiers.bzh\/index.php?rest_route=\/wp\/v2\/pages\/545\/revisions"}],"predecessor-version":[{"id":4890,"href":"https:\/\/www.lyceeretiers.bzh\/index.php?rest_route=\/wp\/v2\/pages\/545\/revisions\/4890"}],"wp:attachment":[{"href":"https:\/\/www.lyceeretiers.bzh\/index.php?rest_route=%2Fwp%2Fv2%2Fmedia&parent=545"}],"curies":[{"name":"wp","href":"https:\/\/api.w.org\/{rel}","templated":true}]}}