{"id":541,"date":"2023-11-11T19:57:58","date_gmt":"2023-11-11T18:57:58","guid":{"rendered":"http:\/\/nouveau.lyceeretiers.bzh\/?page_id=541"},"modified":"2025-02-05T19:02:39","modified_gmt":"2025-02-05T18:02:39","slug":"appel","status":"publish","type":"page","link":"https:\/\/www.lyceeretiers.bzh\/?page_id=541","title":{"rendered":"Apel"},"content":{"rendered":"\t\t<div data-elementor-type=\"wp-page\" data-elementor-id=\"541\" class=\"elementor elementor-541\">\n\t\t\t\t\t\t<section class=\"elementor-section elementor-top-section elementor-element elementor-element-d3e781b elementor-section-full_width elementor-section-height-min-height elementor-section-height-default elementor-section-items-middle\" data-id=\"d3e781b\" data-element_type=\"section\" data-e-type=\"section\" data-settings=\"{&quot;background_background&quot;:&quot;slideshow&quot;,&quot;background_slideshow_gallery&quot;:[{&quot;id&quot;:1329,&quot;url&quot;:&quot;https:\\\/\\\/www.lyceeretiers.bzh\\\/wp-content\\\/uploads\\\/2024\\\/01\\\/lycee_rogne_bis.png&quot;}],&quot;background_slideshow_loop&quot;:&quot;yes&quot;,&quot;background_slideshow_slide_duration&quot;:5000,&quot;background_slideshow_slide_transition&quot;:&quot;fade&quot;,&quot;background_slideshow_transition_duration&quot;:500}\">\n\t\t\t\t\t\t<div class=\"elementor-container elementor-column-gap-default\">\n\t\t\t\t\t<div class=\"elementor-column elementor-col-100 elementor-top-column elementor-element elementor-element-3b1ad2b9\" data-id=\"3b1ad2b9\" data-element_type=\"column\" data-e-type=\"column\">\n\t\t\t<div class=\"elementor-widget-wrap elementor-element-populated\">\n\t\t\t\t\t\t<div class=\"elementor-element elementor-element-1ed317c3 elementor-widget elementor-widget-text-editor\" data-id=\"1ed317c3\" data-element_type=\"widget\" data-e-type=\"widget\" data-widget_type=\"text-editor.default\">\n\t\t\t\t<div class=\"elementor-widget-container\">\n\t\t\t\t\t\t\t\t\t<p>L&rsquo;APEL<\/p>\t\t\t\t\t\t\t\t<\/div>\n\t\t\t\t<\/div>\n\t\t\t\t\t<\/div>\n\t\t<\/div>\n\t\t\t\t\t<\/div>\n\t\t<\/section>\n\t\t<div class=\"elementor-element elementor-element-1e6967f e-flex e-con-boxed e-con e-parent\" data-id=\"1e6967f\" data-element_type=\"container\" data-e-type=\"container\">\n\t\t\t\t\t<div class=\"e-con-inner\">\n\t\t\t\t<div class=\"elementor-element elementor-element-bd1d46d elementor-widget elementor-widget-image\" data-id=\"bd1d46d\" data-element_type=\"widget\" data-e-type=\"widget\" data-widget_type=\"image.default\">\n\t\t\t\t<div class=\"elementor-widget-container\">\n\t\t\t\t\t\t\t\t\t\t\t\t\t\t\t<img fetchpriority=\"high\" decoding=\"async\" width=\"800\" height=\"451\" src=\"https:\/\/www.lyceeretiers.bzh\/wp-content\/uploads\/2025\/02\/20241112_212028-1024x577.jpg\" class=\"attachment-large size-large wp-image-4828\" alt=\"\" srcset=\"https:\/\/www.lyceeretiers.bzh\/wp-content\/uploads\/2025\/02\/20241112_212028-1024x577.jpg 1024w, https:\/\/www.lyceeretiers.bzh\/wp-content\/uploads\/2025\/02\/20241112_212028-300x169.jpg 300w, https:\/\/www.lyceeretiers.bzh\/wp-content\/uploads\/2025\/02\/20241112_212028-768x432.jpg 768w, https:\/\/www.lyceeretiers.bzh\/wp-content\/uploads\/2025\/02\/20241112_212028-1536x865.jpg 1536w, https:\/\/www.lyceeretiers.bzh\/wp-content\/uploads\/2025\/02\/20241112_212028-2048x1153.jpg 2048w\" sizes=\"(max-width: 800px) 100vw, 800px\" \/>\t\t\t\t\t\t\t\t\t\t\t\t\t\t\t<\/div>\n\t\t\t\t<\/div>\n\t\t\t\t\t<\/div>\n\t\t\t\t<\/div>\n\t\t\t\t<section class=\"elementor-section elementor-top-section elementor-element elementor-element-857bfd2 elementor-section-boxed elementor-section-height-default elementor-section-height-default\" data-id=\"857bfd2\" data-element_type=\"section\" data-e-type=\"section\">\n\t\t\t\t\t\t<div class=\"elementor-container elementor-column-gap-default\">\n\t\t\t\t\t<div class=\"elementor-column elementor-col-100 elementor-top-column elementor-element elementor-element-01a25d0\" data-id=\"01a25d0\" data-element_type=\"column\" data-e-type=\"column\">\n\t\t\t<div class=\"elementor-widget-wrap elementor-element-populated\">\n\t\t\t\t\t\t<div class=\"elementor-element elementor-element-57fe3ce elementor-widget elementor-widget-text-editor\" data-id=\"57fe3ce\" data-element_type=\"widget\" data-e-type=\"widget\" data-widget_type=\"text-editor.default\">\n\t\t\t\t<div class=\"elementor-widget-container\">\n\t\t\t\t\t\t\t\t\t<p style=\"text-align: center;\"><span style=\"text-decoration: underline;\"><span style=\"font-size: 18pt;\"><strong>Photo de notre \u00e9quipe APEL 2024-2025<\/strong><\/span><\/span><\/p>\n<div>\n<h1><span style=\"font-size: 14pt; font-family: Georgia, Palatino; color: #808080;\">L&rsquo;APEL, Association de Parents d&rsquo;\u00c9l\u00e8ves de l&rsquo;Enseignement Libre<\/span><\/h1>\n<p><span style=\"font-size: 14pt; font-family: Georgia, Palatino; color: #808080;\">L&rsquo;APEL est une association de parents b\u00e9n\u00e9voles qui participe activement \u00e0 la vie et aux animations de l&rsquo;\u00e9tablissement.<\/span><\/p>\n<p><span style=\"font-size: 14pt; font-family: Georgia, Palatino; color: #808080;\"><strong>Les membres s&rsquo;investissent dans diverses missions :<\/strong><\/span><\/p>\n<ul>\n<li><span style=\"font-size: 14pt; font-family: Georgia, Palatino; color: #808080;\">Accueillir les parents \u00e0 la rentr\u00e9e et lors des portes ouvertes<\/span><\/li>\n<li><span style=\"font-size: 14pt; font-family: Georgia, Palatino; color: #808080;\">Soutenir l&rsquo;\u00e9quipe p\u00e9dagogique dans leurs projets (participation financi\u00e8re)<\/span><\/li>\n<li><span style=\"font-size: 14pt; font-family: Georgia, Palatino; color: #808080;\">Repr\u00e9senter les parents par le biais des correspondants parents<\/span><\/li>\n<\/ul>\n<p><span style=\"font-size: 14pt; font-family: Georgia, Palatino; color: #808080;\">L&rsquo;APEL soutient les familles dans leur t\u00e2che \u00e9ducative en organisant des conf\u00e9rences et accompagne \u00e9galement les parents \u00e0 travers diff\u00e9rents services :<\/span><\/p>\n<ul>\n<li><span style=\"font-size: 14pt; font-family: Georgia, Palatino; color: #808080;\">Service d&rsquo;information et de conseil aux familles<\/span><\/li>\n<li><span style=\"font-size: 14pt; font-family: Georgia, Palatino; color: #808080;\">Le magazine Famille &amp; \u00c9ducation<\/span><\/li>\n<li><span style=\"font-size: 14pt; font-family: Georgia, Palatino; color: #808080;\"><a style=\"color: #808080;\" href=\"http:\/\/www.apel.fr\/\">Le site<\/a> de l&rsquo;APEL<\/span><\/li>\n<li><span style=\"font-size: 14pt; font-family: Georgia, Palatino; color: #808080;\">La plateforme t\u00e9l\u00e9phonique Apel Service<\/span><\/li>\n<li><span style=\"font-size: 14pt; font-family: Georgia, Palatino; color: #808080;\">L&rsquo;association g\u00e8re les livres au lyc\u00e9e et anime le BDI (Bureau de Documentation et d&rsquo;Information) en proposant des permanences les vendredis de 13h \u00e0 14h ou sur rendez-vous.<\/span><\/li>\n<\/ul>\n<p><span style=\"font-size: 14pt; font-family: Georgia, Palatino; color: #808080;\">Plus nous serons nombreux, plus il sera facile de partager les missions. M\u00eame ponctuelles, votre pr\u00e9sence et votre aide seront pr\u00e9cieuses. Soyez les bienvenus !<\/span><\/p>\n<p><span style=\"font-size: 14pt; font-family: Georgia, Palatino; color: #808080;\">L&rsquo;APEL, c&rsquo;est vous et sans vous, pas d&rsquo;APEL ! Merci pour votre soutien.<\/span><\/p>\n<h2><span style=\"font-size: 14pt; font-family: Georgia, Palatino; color: #808080;\">Membres de l&rsquo;APEL<\/span><\/h2>\n<p><span style=\"font-size: 14pt; font-family: Georgia, Palatino; color: #808080;\">Pr\u00e9sidente : Mme Berthelot<\/span><br><span style=\"font-size: 14pt; font-family: Georgia, Palatino; color: #808080;\">Vice-pr\u00e9sidente : Mme Baranger<\/span><br><span style=\"font-size: 14pt; font-family: Georgia, Palatino; color: #808080;\">Secr\u00e9taire : Mme Paillard<\/span><br><span style=\"font-size: 14pt; font-family: Georgia, Palatino; color: #808080;\">Tr\u00e9sori\u00e8re : Mme Floc&rsquo;hlay<\/span><\/p>\n<p><span style=\"font-size: 14pt; font-family: Georgia, Palatino; color: #808080;\">Pour contacter l&rsquo;APEL par email : <a style=\"color: #808080;\" href=\"mailto:apelretiers.lyceedelamennais@gmail.com\">apelretiers.lyceedelamennais@gmail.com<\/a><\/span><\/p>\n<p><span style=\"font-size: 14pt; font-family: Georgia, Palatino; color: #808080;\">Pour en savoir plus :<\/span><\/p>\n<p><span style=\"font-size: 14pt; font-family: Georgia, Palatino; color: #808080;\"><a style=\"color: #808080;\" href=\"https:\/\/www.apel.fr\/lapel\/qui-sommes-nous.html\">Vid\u00e9o \u00ab L&rsquo;Apel &#8211; Aujourd&rsquo;hui, on a tous des pr\u00e9jug\u00e9s \u00bb<\/a><\/span><\/p>\n<\/div>\n<div>\n<p style=\"text-align: center;\">\n<\/p><\/div>\t\t\t\t\t\t\t\t<\/div>\n\t\t\t\t<\/div>\n\t\t\t\t\t<\/div>\n\t\t<\/div>\n\t\t\t\t\t<\/div>\n\t\t<\/section>\n\t\t\t\t<\/div>\n\t\t","protected":false},"excerpt":{"rendered":"<p>L&rsquo;APEL Photo de notre \u00e9quipe APEL 2024-2025 L&rsquo;APEL, Association de Parents d&rsquo;\u00c9l\u00e8ves de l&rsquo;Enseignement Libre L&rsquo;APEL est une association de parents b\u00e9n\u00e9voles qui participe activement \u00e0 la vie et aux animations de l&rsquo;\u00e9tablissement. Les membres s&rsquo;investissent dans diverses missions : Accueillir les parents \u00e0 la rentr\u00e9e et lors des portes ouvertes Soutenir l&rsquo;\u00e9quipe p\u00e9dagogique dans [&hellip;]<\/p>\n","protected":false},"author":1,"featured_media":0,"parent":0,"menu_order":0,"comment_status":"closed","ping_status":"closed","template":"","meta":{"footnotes":""},"class_list":["post-541","page","type-page","status-publish","hentry"],"jetpack_sharing_enabled":true,"rttpg_featured_image_url":null,"rttpg_author":{"display_name":"webretiersadmin","author_link":"https:\/\/www.lyceeretiers.bzh\/?author=1"},"rttpg_comment":0,"rttpg_category":null,"rttpg_excerpt":"L&rsquo;APEL Photo de notre \u00e9quipe APEL 2024-2025 L&rsquo;APEL, Association de Parents d&rsquo;\u00c9l\u00e8ves de l&rsquo;Enseignement Libre L&rsquo;APEL est une association de parents b\u00e9n\u00e9voles qui participe activement \u00e0 la vie et aux animations de l&rsquo;\u00e9tablissement. Les membres s&rsquo;investissent dans diverses missions : Accueillir les parents \u00e0 la rentr\u00e9e et lors des portes ouvertes Soutenir l&rsquo;\u00e9quipe p\u00e9dagogique dans\u2026","_links":{"self":[{"href":"https:\/\/www.lyceeretiers.bzh\/index.php?rest_route=\/wp\/v2\/pages\/541","targetHints":{"allow":["GET"]}}],"collection":[{"href":"https:\/\/www.lyceeretiers.bzh\/index.php?rest_route=\/wp\/v2\/pages"}],"about":[{"href":"https:\/\/www.lyceeretiers.bzh\/index.php?rest_route=\/wp\/v2\/types\/page"}],"author":[{"embeddable":true,"href":"https:\/\/www.lyceeretiers.bzh\/index.php?rest_route=\/wp\/v2\/users\/1"}],"replies":[{"embeddable":true,"href":"https:\/\/www.lyceeretiers.bzh\/index.php?rest_route=%2Fwp%2Fv2%2Fcomments&post=541"}],"version-history":[{"count":38,"href":"https:\/\/www.lyceeretiers.bzh\/index.php?rest_route=\/wp\/v2\/pages\/541\/revisions"}],"predecessor-version":[{"id":4843,"href":"https:\/\/www.lyceeretiers.bzh\/index.php?rest_route=\/wp\/v2\/pages\/541\/revisions\/4843"}],"wp:attachment":[{"href":"https:\/\/www.lyceeretiers.bzh\/index.php?rest_route=%2Fwp%2Fv2%2Fmedia&parent=541"}],"curies":[{"name":"wp","href":"https:\/\/api.w.org\/{rel}","templated":true}]}}