{"id":537,"date":"2023-11-11T19:57:39","date_gmt":"2023-11-11T18:57:39","guid":{"rendered":"http:\/\/nouveau.lyceeretiers.bzh\/?page_id=537"},"modified":"2025-06-25T11:50:49","modified_gmt":"2025-06-25T09:50:49","slug":"culture-co","status":"publish","type":"page","link":"https:\/\/www.lyceeretiers.bzh\/?page_id=537","title":{"rendered":"Culture &#038; Co"},"content":{"rendered":"\t\t<div data-elementor-type=\"wp-page\" data-elementor-id=\"537\" class=\"elementor elementor-537\">\n\t\t\t\t\t\t<section class=\"elementor-section elementor-top-section elementor-element elementor-element-285d957e elementor-section-full_width elementor-section-height-min-height elementor-section-height-default elementor-section-items-middle\" data-id=\"285d957e\" data-element_type=\"section\" data-e-type=\"section\" data-settings=\"{&quot;background_background&quot;:&quot;slideshow&quot;,&quot;background_slideshow_gallery&quot;:[{&quot;id&quot;:1329,&quot;url&quot;:&quot;https:\\\/\\\/www.lyceeretiers.bzh\\\/wp-content\\\/uploads\\\/2024\\\/01\\\/lycee_rogne_bis.png&quot;}],&quot;background_slideshow_loop&quot;:&quot;yes&quot;,&quot;background_slideshow_slide_duration&quot;:5000,&quot;background_slideshow_slide_transition&quot;:&quot;fade&quot;,&quot;background_slideshow_transition_duration&quot;:500}\">\n\t\t\t\t\t\t<div class=\"elementor-container elementor-column-gap-default\">\n\t\t\t\t\t<div class=\"elementor-column elementor-col-100 elementor-top-column elementor-element elementor-element-4c3da2a5\" data-id=\"4c3da2a5\" data-element_type=\"column\" data-e-type=\"column\">\n\t\t\t<div class=\"elementor-widget-wrap elementor-element-populated\">\n\t\t\t\t\t\t<div class=\"elementor-element elementor-element-44ad9066 elementor-widget elementor-widget-text-editor\" data-id=\"44ad9066\" data-element_type=\"widget\" data-e-type=\"widget\" data-widget_type=\"text-editor.default\">\n\t\t\t\t<div class=\"elementor-widget-container\">\n\t\t\t\t\t\t\t\t\t<p>Culture and Co<\/p>\t\t\t\t\t\t\t\t<\/div>\n\t\t\t\t<\/div>\n\t\t\t\t\t<\/div>\n\t\t<\/div>\n\t\t\t\t\t<\/div>\n\t\t<\/section>\n\t\t\t\t<section class=\"elementor-section elementor-top-section elementor-element elementor-element-3f5a9d8 elementor-section-boxed elementor-section-height-default elementor-section-height-default\" data-id=\"3f5a9d8\" data-element_type=\"section\" data-e-type=\"section\">\n\t\t\t\t\t\t<div class=\"elementor-container elementor-column-gap-default\">\n\t\t\t\t\t<div class=\"elementor-column elementor-col-100 elementor-top-column elementor-element elementor-element-6af051a\" data-id=\"6af051a\" data-element_type=\"column\" data-e-type=\"column\">\n\t\t\t<div class=\"elementor-widget-wrap elementor-element-populated\">\n\t\t\t\t\t\t<div class=\"elementor-element elementor-element-0d0083a elementor-widget elementor-widget-text-editor\" data-id=\"0d0083a\" data-element_type=\"widget\" data-e-type=\"widget\" data-widget_type=\"text-editor.default\">\n\t\t\t\t<div class=\"elementor-widget-container\">\n\t\t\t\t\t\t\t\t\t<h4><span style=\"color: #808080;\"><strong><span style=\"font-size: 18pt;\">CULTURE &amp; CO est une association n\u00e9e en 2005 qui a pour vocation d&rsquo;\u00eatre un facilitateur d&rsquo;acc\u00e8s \u00e0 la culture.<\/span><\/strong><\/span><\/h4>\n<p><br><\/p>\n<h4>OBJECTIFS DE L\u2019ASSOCIATION<\/h4>\n<ul>\n<li>Faire du lyc\u00e9e un lieu du \u00ab vivre ensemble \u00bb<\/li>\n<li>Promouvoir, d\u00e9velopper des projets collectifs<\/li>\n<li>Responsabiliser les \u00e9l\u00e8ves (choix de projets, autonomie dans leur r\u00e9alisation, prise de responsabilit\u00e9s\u2026)<\/li>\n<li>Leur faire d\u00e9couvrir la vie associative<\/li>\n<li>Favoriser l\u2019ouverture culturelle<\/li>\n<li>Financer des actions culturelles en lien avec les enseignements et le projet culturel du lyc\u00e9e (sorties TNB, cin\u00e9ma, sorties p\u00e9dagogiques de niveau\u2026).<\/li>\n<\/ul>\n<h4>&nbsp;<\/h4>\n<h4>FONCTIONNEMENT DE L\u2019ASSOCIATION<\/h4>\n<p>Les \u00e9l\u00e8ves volontaires s\u2019inscrivent dans une (ou des) commission(s) selon leurs souhaits. Chaque commission est guid\u00e9e par un ou plusieurs enseignants dans la conduite d\u2019actions ponctuelles ou de projets mis en place \u00e0 l\u2019initiative des \u00e9l\u00e8ves.<\/p>\t\t\t\t\t\t\t\t<\/div>\n\t\t\t\t<\/div>\n\t\t\t\t\t<\/div>\n\t\t<\/div>\n\t\t\t\t\t<\/div>\n\t\t<\/section>\n\t\t\t\t<\/div>\n\t\t","protected":false},"excerpt":{"rendered":"<p>Culture and Co CULTURE &amp; CO est une association n\u00e9e en 2005 qui a pour vocation d&rsquo;\u00eatre un facilitateur d&rsquo;acc\u00e8s \u00e0 la culture. OBJECTIFS DE L\u2019ASSOCIATION Faire du lyc\u00e9e un lieu du \u00ab vivre ensemble \u00bb Promouvoir, d\u00e9velopper des projets collectifs Responsabiliser les \u00e9l\u00e8ves (choix de projets, autonomie dans leur r\u00e9alisation, prise de responsabilit\u00e9s\u2026) Leur [&hellip;]<\/p>\n","protected":false},"author":1,"featured_media":0,"parent":0,"menu_order":0,"comment_status":"closed","ping_status":"closed","template":"","meta":{"footnotes":""},"class_list":["post-537","page","type-page","status-publish","hentry"],"jetpack_sharing_enabled":true,"rttpg_featured_image_url":null,"rttpg_author":{"display_name":"webretiersadmin","author_link":"https:\/\/www.lyceeretiers.bzh\/?author=1"},"rttpg_comment":0,"rttpg_category":null,"rttpg_excerpt":"Culture and Co CULTURE &amp; CO est une association n\u00e9e en 2005 qui a pour vocation d&rsquo;\u00eatre un facilitateur d&rsquo;acc\u00e8s \u00e0 la culture. OBJECTIFS DE L\u2019ASSOCIATION Faire du lyc\u00e9e un lieu du \u00ab vivre ensemble \u00bb Promouvoir, d\u00e9velopper des projets collectifs Responsabiliser les \u00e9l\u00e8ves (choix de projets, autonomie dans leur r\u00e9alisation, prise de responsabilit\u00e9s\u2026) Leur\u2026","_links":{"self":[{"href":"https:\/\/www.lyceeretiers.bzh\/index.php?rest_route=\/wp\/v2\/pages\/537","targetHints":{"allow":["GET"]}}],"collection":[{"href":"https:\/\/www.lyceeretiers.bzh\/index.php?rest_route=\/wp\/v2\/pages"}],"about":[{"href":"https:\/\/www.lyceeretiers.bzh\/index.php?rest_route=\/wp\/v2\/types\/page"}],"author":[{"embeddable":true,"href":"https:\/\/www.lyceeretiers.bzh\/index.php?rest_route=\/wp\/v2\/users\/1"}],"replies":[{"embeddable":true,"href":"https:\/\/www.lyceeretiers.bzh\/index.php?rest_route=%2Fwp%2Fv2%2Fcomments&post=537"}],"version-history":[{"count":40,"href":"https:\/\/www.lyceeretiers.bzh\/index.php?rest_route=\/wp\/v2\/pages\/537\/revisions"}],"predecessor-version":[{"id":4997,"href":"https:\/\/www.lyceeretiers.bzh\/index.php?rest_route=\/wp\/v2\/pages\/537\/revisions\/4997"}],"wp:attachment":[{"href":"https:\/\/www.lyceeretiers.bzh\/index.php?rest_route=%2Fwp%2Fv2%2Fmedia&parent=537"}],"curies":[{"name":"wp","href":"https:\/\/api.w.org\/{rel}","templated":true}]}}