{"id":535,"date":"2023-11-11T19:57:20","date_gmt":"2023-11-11T18:57:20","guid":{"rendered":"http:\/\/nouveau.lyceeretiers.bzh\/?page_id=535"},"modified":"2025-06-25T12:07:39","modified_gmt":"2025-06-25T10:07:39","slug":"projet-culturel","status":"publish","type":"page","link":"https:\/\/www.lyceeretiers.bzh\/?page_id=535","title":{"rendered":"Projet Culturel"},"content":{"rendered":"\t\t<div data-elementor-type=\"wp-page\" data-elementor-id=\"535\" class=\"elementor elementor-535\">\n\t\t\t\t\t\t<section class=\"elementor-section elementor-top-section elementor-element elementor-element-50082f3c elementor-section-full_width elementor-section-height-min-height elementor-section-height-default elementor-section-items-middle\" data-id=\"50082f3c\" data-element_type=\"section\" data-e-type=\"section\" data-settings=\"{&quot;background_background&quot;:&quot;slideshow&quot;,&quot;background_slideshow_gallery&quot;:[{&quot;id&quot;:1329,&quot;url&quot;:&quot;https:\\\/\\\/www.lyceeretiers.bzh\\\/wp-content\\\/uploads\\\/2024\\\/01\\\/lycee_rogne_bis.png&quot;}],&quot;background_slideshow_loop&quot;:&quot;yes&quot;,&quot;background_slideshow_slide_duration&quot;:5000,&quot;background_slideshow_slide_transition&quot;:&quot;fade&quot;,&quot;background_slideshow_transition_duration&quot;:500}\">\n\t\t\t\t\t\t<div class=\"elementor-container elementor-column-gap-default\">\n\t\t\t\t\t<div class=\"elementor-column elementor-col-100 elementor-top-column elementor-element elementor-element-79f223d9\" data-id=\"79f223d9\" data-element_type=\"column\" data-e-type=\"column\">\n\t\t\t<div class=\"elementor-widget-wrap elementor-element-populated\">\n\t\t\t\t\t\t<div class=\"elementor-element elementor-element-51cf4644 elementor-widget elementor-widget-text-editor\" data-id=\"51cf4644\" data-element_type=\"widget\" data-e-type=\"widget\" data-widget_type=\"text-editor.default\">\n\t\t\t\t<div class=\"elementor-widget-container\">\n\t\t\t\t\t\t\t\t\t<p>Projet culturel<\/p>\t\t\t\t\t\t\t\t<\/div>\n\t\t\t\t<\/div>\n\t\t\t\t\t<\/div>\n\t\t<\/div>\n\t\t\t\t\t<\/div>\n\t\t<\/section>\n\t\t\t\t<section class=\"elementor-section elementor-top-section elementor-element elementor-element-85e8c4a elementor-section-boxed elementor-section-height-default elementor-section-height-default\" data-id=\"85e8c4a\" data-element_type=\"section\" data-e-type=\"section\">\n\t\t\t\t\t\t<div class=\"elementor-container elementor-column-gap-default\">\n\t\t\t\t\t<div class=\"elementor-column elementor-col-100 elementor-top-column elementor-element elementor-element-18627d5\" data-id=\"18627d5\" data-element_type=\"column\" data-e-type=\"column\">\n\t\t\t<div class=\"elementor-widget-wrap elementor-element-populated\">\n\t\t\t\t\t\t<div class=\"elementor-element elementor-element-52e2a9d elementor-widget__width-initial elementor-widget elementor-widget-text-editor\" data-id=\"52e2a9d\" data-element_type=\"widget\" data-e-type=\"widget\" data-widget_type=\"text-editor.default\">\n\t\t\t\t<div class=\"elementor-widget-container\">\n\t\t\t\t\t\t\t\t\t<p style=\"margin: 0.5em 0px; line-height: 40px; font-size: 17px; text-align: center;\"><span style=\"font-size: 18pt; color: #666699;\"><strong><span style=\"font-variant-numeric: normal; font-variant-east-asian: normal; font-variant-alternates: normal; font-variant-position: normal;\"><span style=\"color: #333399;\">Un \u00e9tablissement labell<\/span><\/span><span style=\"font-variant-numeric: normal; font-variant-east-asian: normal; font-variant-alternates: normal; font-variant-position: normal;\"><span style=\"color: #333399;\">is\u00e9 EAC (100 % Ed<\/span><\/span><span style=\"font-variant-numeric: normal; font-variant-east-asian: normal; font-variant-alternates: normal; font-variant-position: normal;\"><span style=\"color: #333399;\">ucation Artistique et Culturelle )\u00a0<\/span><\/span><\/strong><\/span><\/p><p style=\"margin: 0.5em 0px; line-height: 40px; font-size: 17px; text-align: center;\"><strong><span style=\"font-size: 18pt; color: #808080;\"><span style=\"font-variant-numeric: normal; font-variant-east-asian: normal; font-variant-alternates: normal; font-variant-position: normal;\">Les objectifs du projet culturel sont :<\/span><\/span><\/strong><\/p><ol style=\"padding: 0px; margin: 10px 0px; font-size: 12.8px;\"><li style=\"line-height: 20px; padding: 0px; margin: 0.3em 0px 0.3em 2em;\"><p><span style=\"font-size: 14pt;\"><i>Sensibiliser les \u00e9l\u00e8ves aux notions d\u2019arts et de culture (s).<\/i><\/span><\/p><\/li><li style=\"line-height: 20px; padding: 0px; margin: 0.3em 0px 0.3em 2em;\"><p><span style=\"font-size: 14pt;\"><i>R\u00e9fl\u00e9chir sur \u00ab Qu\u2019est-ce que l\u2019art et en quoi les artistes sont-ils n\u00e9cessaires \u00e0 nos soci\u00e9t\u00e9s ? \u00bb<\/i><\/span><\/p><\/li><li style=\"line-height: 20px; padding: 0px; margin: 0.3em 0px 0.3em 2em;\"><p><span style=\"font-size: 14pt;\"><i>D\u00e9couvrir des expressions artistiques vari\u00e9es (th\u00e9\u00e2tre, danse, street-art, photographie etc.) en assistant \u00e0 des spectacles, en d\u00e9couvrant des expositions, des festivals\u2026etc.<\/i><\/span><\/p><\/li><\/ol><p style=\"margin: 10px 0px; padding: 0px; font-size: 12.8px;\"><span style=\"font-size: 14pt;\"><b>Ce dispositif\u00a0 concernait jusqu&rsquo;en 2023-2024<\/b><\/span><span style=\"font-size: 14pt;\">\u00a03 classes de \u201cD\u00e9couvertes Culturelles\u201d.<\/span><\/p><p style=\"margin: 10px 0px; padding: 0px; font-size: 12.8px;\"><span style=\"font-size: 14pt;\">Nous avons fait le choix en 2024-2025 de basculer vers une option \u00ab\u00a0D\u00e9couvertes Culturelles\u00a0\u00bb qui peut ainsi s&rsquo;adresser \u00e0 chaque \u00e9l\u00e8ve du lyc\u00e9e&#8230;<\/span><\/p><p style=\"margin: 10px 0px; padding: 0px; font-size: 12.8px;\"><span style=\"font-size: 14pt;\">Elles disposent d\u2019une trentaine d\u2019heures annualis\u00e9es dans leur emploi du temps, heures consacr\u00e9es \u00e0 la mise en place de projets culturels divers. Ainsi, en 2024-2025, les \u00e9l\u00e8ves ont pu suivre le programme suivant :<\/span><\/p><p style=\"margin: 10px 0px; padding: 0px; font-size: 12.8px;\">\u00a0<\/p><p style=\"margin: 10px 0px; padding: 0px;\"><strong><span style=\"font-size: 12pt;\">D\u00e9couverte d&rsquo;un festival :<\/span><\/strong><\/p><p style=\"margin: 10px 0px; padding: 0px;\"><span style=\"font-size: 12pt;\">\u2022 Festival \u00ab Court m\u00e9trange \u00bb : participation au jury du meilleur court m\u00e9trage,<\/span><\/p><p style=\"margin: 10px 0px; padding: 0px;\"><span style=\"font-size: 12pt;\">assister \u00e0 une conf\u00e9rence sur le m\u00e9tier de sc\u00e9nariste, participer \u00e0 un atelier<\/span><\/p><p style=\"margin: 10px 0px; padding: 0px;\"><span style=\"font-size: 12pt;\">sur les trucages au cin\u00e9ma<\/span><\/p><p style=\"margin: 10px 0px; padding: 0px;\"><span style=\"font-size: 12pt;\">\u2022 Festival \u00ab Transmusicales \u00bb : d\u00e9couvertes des Musiques actuelles<\/span><\/p><p>\u00a0<\/p><p style=\"margin: 10px 0px; padding: 0px;\"><strong><span style=\"font-size: 12pt;\">D\u00e9couverte du spectacle vivant :<\/span><\/strong><\/p><p style=\"margin: 10px 0px; padding: 0px;\"><span style=\"font-size: 12pt;\">\u2022 \u00ab Maillot jaune \u00bb au Th\u00e9\u00e2tre de la Paillette (Rennes)<\/span><\/p><p style=\"margin: 10px 0px; padding: 0px;\"><span style=\"font-size: 12pt;\">\u2022 \u00ab Hamlet \u00bb au TNB (Rennes)<\/span><\/p><p style=\"margin: 10px 0px; padding: 0px;\"><span style=\"font-size: 12pt;\">\u2022 \u00ab Histoire de discourir \u00bb au lyc\u00e9e (Th\u00e9\u00e2tre Totem)<\/span><\/p><p style=\"margin: 10px 0px; padding: 0px;\"><span style=\"font-size: 12pt;\">D\u00e9couverte de lieux culturels :<\/span><\/p><p style=\"margin: 10px 0px; padding: 0px;\"><span style=\"font-size: 12pt;\">\u2022 Visite des Champs Libres (Rennes)<\/span><\/p><p style=\"margin: 10px 0px; padding: 0px;\"><span style=\"font-size: 12pt;\">\u2022 Th\u00e9\u00e2tre la Paillette et le TNB<\/span><\/p><p style=\"margin: 10px 0px; padding: 0px;\"><span style=\"font-size: 12pt;\">Pratiquer et r\u00e9aliser :<\/span><\/p><p style=\"margin: 10px 0px; padding: 0px;\"><span style=\"font-size: 12pt;\">\u2022 R\u00e9alisation de podcasts, visite et interview \u00e0 radio Guichen, participation \u00e0 une<\/span><\/p><p style=\"margin: 10px 0px; padding: 0px;\"><span style=\"font-size: 12pt;\">conf\u00e9rence gesticul\u00e9e sur le th\u00e8me du hip hop avec Bombe platine<\/span><\/p><p style=\"margin: 10px 0px; padding: 0px;\"><span style=\"font-size: 12pt;\">\u2022 Immersion th\u00e9\u00e2trale avec Th\u00e9\u00e2tre Totem : \u00ab porter un discours devant un<\/span><\/p><p style=\"margin: 10px 0px; padding: 0px;\"><span style=\"font-size: 12pt;\">public \u00bb<\/span><\/p><p>\u00a0<\/p><p style=\"margin: 10px 0px; padding: 0px;\"><strong><span style=\"font-size: 12pt;\">D\u00e9couvrir le documentaire :<\/span><\/strong><\/p><p style=\"margin: 10px 0px; padding: 0px;\"><span style=\"font-size: 12pt;\">\u2022 En partenariat avec la M\u00e9diath\u00e8que de Retiers et en lien avec \u00ab Le mois du<\/span><\/p><p style=\"margin: 10px 0px; padding: 0px;\"><span style=\"font-size: 12pt;\">doc \u00bb : analyser la d\u00e9marche d&rsquo;un documentaire, assister \u00e0 une projection au<\/span><\/p><p style=\"margin: 10px 0px; padding: 0px;\"><span style=\"font-size: 12pt;\">Rest\u00e9ria \u00ab Photophobia \u00bb, rencontrer une r\u00e9alisatrice.<\/span><\/p><p>\u00a0<\/p><p style=\"margin: 10px 0px; padding: 0px;\"><strong><span style=\"font-size: 12pt;\">D\u00e9couvrir des films au cin\u00e9ma :<\/span><\/strong><\/p><p style=\"margin: 10px 0px; padding: 0px;\"><span style=\"font-size: 12pt;\">\u2022 Participation au dispositif \u00ab Ma classe au cin\u00e9ma \u00bb : \u00ab A vos marques \u00bb, \u00ab Revoir<\/span><\/p><p style=\"margin: 10px 0px; padding: 0px;\"><span style=\"font-size: 12pt;\">Paris \u00bb et \u00ab Atlantique \u00bb ( projection au Rest\u00e9ria \u00e0 Retiers)<\/span><\/p><p style=\"margin: 10px 0px; padding: 0px; font-size: 12.8px;\"><span style=\"font-size: 14pt;\">\u00a0<\/span><\/p><p style=\"margin: 10px 0px; padding: 0px; font-size: 12.8px;\"><span style=\"font-size: 14pt;\">De m\u00eame, toutes les classes b\u00e9n\u00e9ficient de cette orientation culturelle lors de la \u00ab Semaine Autrement \u00bb. Il s\u2019agit de projets transdisciplinaires visant \u00e0 apprendre autrement, \u201chors les murs\u201d (assister \u00e0 une conf\u00e9rence, visiter une entreprise, d\u00e9couvrir un site\u2026), r\u00e9partis sur l\u2019ann\u00e9e et en lien avec un th\u00e8me d&rsquo;ann\u00e9e.<\/span><\/p>\t\t\t\t\t\t\t\t<\/div>\n\t\t\t\t<\/div>\n\t\t\t\t\t<\/div>\n\t\t<\/div>\n\t\t\t\t\t<\/div>\n\t\t<\/section>\n\t\t\t\t<\/div>\n\t\t","protected":false},"excerpt":{"rendered":"<p>Projet culturel Un \u00e9tablissement labellis\u00e9 EAC (100 % Education Artistique et Culturelle )\u00a0 Les objectifs du projet culturel sont : Sensibiliser les \u00e9l\u00e8ves aux notions d\u2019arts et de culture (s). R\u00e9fl\u00e9chir sur \u00ab Qu\u2019est-ce que l\u2019art et en quoi les artistes sont-ils n\u00e9cessaires \u00e0 nos soci\u00e9t\u00e9s ? \u00bb D\u00e9couvrir des expressions artistiques vari\u00e9es (th\u00e9\u00e2tre, danse, [&hellip;]<\/p>\n","protected":false},"author":1,"featured_media":0,"parent":0,"menu_order":0,"comment_status":"closed","ping_status":"closed","template":"","meta":{"footnotes":""},"class_list":["post-535","page","type-page","status-publish","hentry"],"jetpack_sharing_enabled":true,"rttpg_featured_image_url":null,"rttpg_author":{"display_name":"webretiersadmin","author_link":"https:\/\/www.lyceeretiers.bzh\/?author=1"},"rttpg_comment":0,"rttpg_category":null,"rttpg_excerpt":"Projet culturel Un \u00e9tablissement labellis\u00e9 EAC (100 % Education Artistique et Culturelle )\u00a0 Les objectifs du projet culturel sont : Sensibiliser les \u00e9l\u00e8ves aux notions d\u2019arts et de culture (s). R\u00e9fl\u00e9chir sur \u00ab Qu\u2019est-ce que l\u2019art et en quoi les artistes sont-ils n\u00e9cessaires \u00e0 nos soci\u00e9t\u00e9s ? \u00bb D\u00e9couvrir des expressions artistiques vari\u00e9es (th\u00e9\u00e2tre, danse,\u2026","_links":{"self":[{"href":"https:\/\/www.lyceeretiers.bzh\/index.php?rest_route=\/wp\/v2\/pages\/535","targetHints":{"allow":["GET"]}}],"collection":[{"href":"https:\/\/www.lyceeretiers.bzh\/index.php?rest_route=\/wp\/v2\/pages"}],"about":[{"href":"https:\/\/www.lyceeretiers.bzh\/index.php?rest_route=\/wp\/v2\/types\/page"}],"author":[{"embeddable":true,"href":"https:\/\/www.lyceeretiers.bzh\/index.php?rest_route=\/wp\/v2\/users\/1"}],"replies":[{"embeddable":true,"href":"https:\/\/www.lyceeretiers.bzh\/index.php?rest_route=%2Fwp%2Fv2%2Fcomments&post=535"}],"version-history":[{"count":49,"href":"https:\/\/www.lyceeretiers.bzh\/index.php?rest_route=\/wp\/v2\/pages\/535\/revisions"}],"predecessor-version":[{"id":5015,"href":"https:\/\/www.lyceeretiers.bzh\/index.php?rest_route=\/wp\/v2\/pages\/535\/revisions\/5015"}],"wp:attachment":[{"href":"https:\/\/www.lyceeretiers.bzh\/index.php?rest_route=%2Fwp%2Fv2%2Fmedia&parent=535"}],"curies":[{"name":"wp","href":"https:\/\/api.w.org\/{rel}","templated":true}]}}