{"id":514,"date":"2023-11-11T19:51:38","date_gmt":"2023-11-11T18:51:38","guid":{"rendered":"http:\/\/nouveau.lyceeretiers.bzh\/?page_id=514"},"modified":"2025-02-05T17:47:16","modified_gmt":"2025-02-05T16:47:16","slug":"un-peu-dhistoire","status":"publish","type":"page","link":"https:\/\/www.lyceeretiers.bzh\/?page_id=514","title":{"rendered":"Un peu d&rsquo;histoire"},"content":{"rendered":"\t\t<div data-elementor-type=\"wp-page\" data-elementor-id=\"514\" class=\"elementor elementor-514\">\n\t\t\t\t\t\t<section class=\"elementor-section elementor-top-section elementor-element elementor-element-1a1b3ce1 elementor-section-boxed elementor-section-height-default elementor-section-height-default\" data-id=\"1a1b3ce1\" data-element_type=\"section\" data-e-type=\"section\">\n\t\t\t\t\t\t<div class=\"elementor-container elementor-column-gap-default\">\n\t\t\t\t\t<div class=\"elementor-column elementor-col-100 elementor-top-column elementor-element elementor-element-3a5022dc\" data-id=\"3a5022dc\" data-element_type=\"column\" data-e-type=\"column\">\n\t\t\t<div class=\"elementor-widget-wrap\">\n\t\t\t\t\t\t\t<\/div>\n\t\t<\/div>\n\t\t\t\t\t<\/div>\n\t\t<\/section>\n\t\t\t\t<section class=\"elementor-section elementor-top-section elementor-element elementor-element-32be9e20 elementor-section-full_width elementor-section-height-min-height elementor-section-height-default elementor-section-items-middle\" data-id=\"32be9e20\" data-element_type=\"section\" data-e-type=\"section\" data-settings=\"{&quot;background_background&quot;:&quot;slideshow&quot;,&quot;background_slideshow_gallery&quot;:[{&quot;id&quot;:1329,&quot;url&quot;:&quot;https:\\\/\\\/www.lyceeretiers.bzh\\\/wp-content\\\/uploads\\\/2024\\\/01\\\/lycee_rogne_bis.png&quot;}],&quot;background_slideshow_loop&quot;:&quot;yes&quot;,&quot;background_slideshow_slide_duration&quot;:5000,&quot;background_slideshow_slide_transition&quot;:&quot;fade&quot;,&quot;background_slideshow_transition_duration&quot;:500}\">\n\t\t\t\t\t\t<div class=\"elementor-container elementor-column-gap-default\">\n\t\t\t\t\t<div class=\"elementor-column elementor-col-100 elementor-top-column elementor-element elementor-element-17204ebb\" data-id=\"17204ebb\" data-element_type=\"column\" data-e-type=\"column\">\n\t\t\t<div class=\"elementor-widget-wrap elementor-element-populated\">\n\t\t\t\t\t\t<div class=\"elementor-element elementor-element-1fa6dde1 elementor-widget elementor-widget-text-editor\" data-id=\"1fa6dde1\" data-element_type=\"widget\" data-e-type=\"widget\" data-widget_type=\"text-editor.default\">\n\t\t\t\t<div class=\"elementor-widget-container\">\n\t\t\t\t\t\t\t\t\t<p>Un peu d&rsquo;histoire<\/p>\t\t\t\t\t\t\t\t<\/div>\n\t\t\t\t<\/div>\n\t\t\t\t\t<\/div>\n\t\t<\/div>\n\t\t\t\t\t<\/div>\n\t\t<\/section>\n\t\t<div class=\"elementor-element elementor-element-c15239a e-flex e-con-boxed e-con e-parent\" data-id=\"c15239a\" data-element_type=\"container\" data-e-type=\"container\">\n\t\t\t\t\t<div class=\"e-con-inner\">\n\t\t\t\t\t<\/div>\n\t\t\t\t<\/div>\n\t\t\t\t<section class=\"elementor-section elementor-top-section elementor-element elementor-element-c5324cd elementor-section-boxed elementor-section-height-default elementor-section-height-default\" data-id=\"c5324cd\" data-element_type=\"section\" data-e-type=\"section\">\n\t\t\t\t\t\t<div class=\"elementor-container elementor-column-gap-default\">\n\t\t\t\t\t<div class=\"elementor-column elementor-col-100 elementor-top-column elementor-element elementor-element-0292e4f\" data-id=\"0292e4f\" data-element_type=\"column\" data-e-type=\"column\">\n\t\t\t<div class=\"elementor-widget-wrap\">\n\t\t\t\t\t\t\t<\/div>\n\t\t<\/div>\n\t\t\t\t\t<\/div>\n\t\t<\/section>\n\t\t\t\t<section class=\"elementor-section elementor-top-section elementor-element elementor-element-d6a7a32 elementor-section-boxed elementor-section-height-default elementor-section-height-default\" data-id=\"d6a7a32\" data-element_type=\"section\" data-e-type=\"section\">\n\t\t\t\t\t\t<div class=\"elementor-container elementor-column-gap-default\">\n\t\t\t\t\t<div class=\"elementor-column elementor-col-100 elementor-top-column elementor-element elementor-element-de9a001\" data-id=\"de9a001\" data-element_type=\"column\" data-e-type=\"column\">\n\t\t\t<div class=\"elementor-widget-wrap elementor-element-populated\">\n\t\t\t\t\t\t<div class=\"elementor-element elementor-element-99e4733 elementor-widget elementor-widget-text-editor\" data-id=\"99e4733\" data-element_type=\"widget\" data-e-type=\"widget\" data-widget_type=\"text-editor.default\">\n\t\t\t\t<div class=\"elementor-widget-container\">\n\t\t\t\t\t\t\t\t\t<p dir=\"ltr\" style=\"line-height: 1.38; text-align: justify; margin-top: 0pt; margin-bottom: 0pt;\"><span style=\"font-size: 14pt; font-family: Georgia, Palatino; color: #808080; background-color: transparent; font-weight: 400; font-style: normal; font-variant: normal; text-decoration: none; vertical-align: baseline; white-space: pre-wrap;\">Le lyc\u00e9e La Mennais de Retiers est une annexe de l\u2019Assomption, Rennes. Ce jeune lyc\u00e9e a ouvert ses portes\u00a0 en 1993 &#8211; voici le contexte historique de notre \u00e9tablissement :\u00a0<\/span><\/p><p dir=\"ltr\" style=\"line-height: 1.38; text-align: justify; margin-top: 0pt; margin-bottom: 0pt;\"><span style=\"font-size: 14pt; font-family: Georgia, Palatino; color: #808080; background-color: transparent; font-weight: 400; font-style: normal; font-variant: normal; text-decoration: none; vertical-align: baseline; white-space: pre-wrap;\">Les b\u00e2timents du lyc\u00e9e furent construits en 1963 pour y accueillir le Centre m\u00e9nager qui \u00e9tait initialement \u00e0 Marcill\u00e9-Robert. Ce nouveau centre fut inaugur\u00e9 le 14 juin 1964 en pr\u00e9sence de l\u2019\u00e9v\u00eaque, du Conseil d&rsquo;administration \u00e9tant rattach\u00e9 au Dioc\u00e8se.\u00a0<\/span><\/p><p dir=\"ltr\" style=\"line-height: 1.2; text-align: justify; margin-top: 0pt; margin-bottom: 0pt;\"><span style=\"font-size: 14pt; font-family: Georgia, Palatino; color: #808080; background-color: transparent; font-weight: 400; font-style: normal; font-variant: normal; text-decoration: none; vertical-align: baseline; white-space: pre-wrap;\">Pendant l&rsquo;ann\u00e9e scolaire, l&#8217;emploi du temps des \u00e9l\u00e8ves faisait appara\u00eetre des cours de couture, de pu\u00e9riculture, d&rsquo;agriculture, de petits \u00e9levages, mais aussi d&rsquo;\u00e9conomie domestique et de l\u00e9gislation du travail. L&rsquo;\u00e9t\u00e9, le centre \u00e9tait occup\u00e9 par des colonies de vacances, ce qui fut accessoirement int\u00e9ressant pour l&rsquo;\u00e9quilibre du budget&#8230; C&rsquo;est en 1990 qu&rsquo;il fut regroup\u00e9 \u00e0 La Guerche de Bretagne sous le sigle de l&rsquo;IPSSA.<\/span><\/p><p dir=\"ltr\" style=\"line-height: 1.2; text-align: justify; margin-top: 0pt; margin-bottom: 0pt;\"><span style=\"font-size: 14pt; font-family: Georgia, Palatino; color: #808080; background-color: transparent; font-weight: 400; font-style: normal; font-variant: normal; text-decoration: none; vertical-align: baseline; white-space: pre-wrap;\">Pendant trois ans les b\u00e2timents restent inoccup\u00e9s&#8230;<\/span><\/p><p dir=\"ltr\" style=\"line-height: 1.2; text-align: justify; margin-top: 0pt; margin-bottom: 0pt;\"><span style=\"font-size: 14pt; font-family: Georgia, Palatino; color: #808080; background-color: transparent; font-weight: 400; font-style: normal; font-variant: normal; text-decoration: none; vertical-align: baseline; white-space: pre-wrap;\">Mais d\u00e8s 1991 les choses \u00e9voluent. Ce fut d\u2019abord une volont\u00e9 du directeur dioc\u00e9sain Fran\u00e7ois Pannetier et de quelques \u00e9lus, d\u2019implanter un lyc\u00e9e d\u2019enseignement g\u00e9n\u00e9ral en milieu rural, rapidement soutenus par des parents d\u2019\u00e9l\u00e8ves.<\/span><\/p><p dir=\"ltr\" style=\"line-height: 1.2; text-align: justify; margin-top: 0pt; margin-bottom: 0pt;\"><span style=\"font-size: 14pt; font-family: Georgia, Palatino; color: #808080; background-color: transparent; font-weight: 400; font-style: normal; font-variant: normal; text-decoration: none; vertical-align: baseline; white-space: pre-wrap;\">Le choix de la commune de Retiers est retenu (un coll\u00e8ge d\u2019enseignement rural est compl\u00e8tement vacant au d\u00e9marrage du projet). Le choix du lyc\u00e9e tuteur se porte sur celui de l\u2019assomption de Rennes pour sa bonne r\u00e9putation. Le directeur soutenu par la tutelle des fr\u00e8res de Plo\u00ebrmel accepte cette proposition. Un comit\u00e9 de soutien, tr\u00e8s vite regroup\u00e9 en association est cr\u00e9\u00e9 et un premier dossier est pr\u00e9sent\u00e9. Pas assez complet, il sera \u00e0 nouveau repr\u00e9sent\u00e9 mais \u00e9galement refus\u00e9 pour la rentr\u00e9e de septembre 1992.<\/span><\/p><p dir=\"ltr\" style=\"line-height: 1.2; text-align: justify; margin-top: 0pt; margin-bottom: 4pt;\"><span style=\"font-size: 14pt; font-family: Georgia, Palatino; color: #808080; background-color: transparent; font-weight: 400; font-style: normal; font-variant: normal; text-decoration: none; vertical-align: baseline; white-space: pre-wrap;\">M.Pannetier propose une ouverture pour la rentr\u00e9e suivante. Il faut s\u2019organiser : devis, travaux, les diff\u00e9rents directeurs des coll\u00e8ges s\u2019expriment. Au d\u00e9but de l\u2019ann\u00e9e 1993, les nouvelles sont optimistes et l\u2019accord d\u2019ouverture est obtenu le 25 f\u00e9vrier avec 2 classes de seconde. Gr\u00e2ce \u00e0 l\u2019exceptionnelle implication de cette premi\u00e8re \u00e9quipe du comit\u00e9 de soutien sous la houlette de Michel Restif et de Jean-Fran\u00e7ois Arondel, le lyc\u00e9e Jean Marie de la Mennais ouvre ses portes avec 47 \u00e9l\u00e8ves au mois de septembre 1993.<\/span><\/p><p dir=\"ltr\" style=\"line-height: 1.2; text-align: justify; margin-top: 0pt; margin-bottom: 4pt;\"><span style=\"font-size: 14pt; font-family: Georgia, Palatino; color: #808080; background-color: transparent; font-weight: 400; font-style: normal; font-variant: normal; text-decoration: none; vertical-align: baseline; white-space: pre-wrap;\">Depuis son ouverture, le lyc\u00e9e n\u2019a cess\u00e9 d\u2019\u00e9voluer pour r\u00e9pondre au mieux aux besoins des \u00e9l\u00e8ves, de l\u2019\u00e9quipe et de l\u2019ensemble de la communaut\u00e9 \u00e9ducative. Des travaux d\u2019agrandissement sont effectu\u00e9s en 1996 (CDI, laboratoires, hall, bureaux), en 2011 (DS, salles de classe, foyer, pr\u00e9au, blocs sanitaires), en 2017 (agrandissement hall et r\u00e9fectoire), en 2019 (nouveaux laboratoires dans l\u2019ancien b\u00e2timent EDF) puis en 2023 (travaux d\u2019isolation thermique).<\/span><\/p>\t\t\t\t\t\t\t\t<\/div>\n\t\t\t\t<\/div>\n\t\t\t\t\t<\/div>\n\t\t<\/div>\n\t\t\t\t\t<\/div>\n\t\t<\/section>\n\t\t\t\t<section class=\"elementor-section elementor-top-section elementor-element elementor-element-f33c3ef elementor-section-boxed elementor-section-height-default elementor-section-height-default\" data-id=\"f33c3ef\" data-element_type=\"section\" data-e-type=\"section\">\n\t\t\t\t\t\t<div class=\"elementor-container elementor-column-gap-default\">\n\t\t\t\t\t<div class=\"elementor-column elementor-col-100 elementor-top-column elementor-element elementor-element-97235ac\" data-id=\"97235ac\" data-element_type=\"column\" data-e-type=\"column\">\n\t\t\t<div class=\"elementor-widget-wrap elementor-element-populated\">\n\t\t\t\t\t\t<div class=\"elementor-element elementor-element-6d86be8 elementor-widget elementor-widget-image\" data-id=\"6d86be8\" data-element_type=\"widget\" data-e-type=\"widget\" data-widget_type=\"image.default\">\n\t\t\t\t<div class=\"elementor-widget-container\">\n\t\t\t\t\t\t\t\t\t\t\t\t\t\t\t<img fetchpriority=\"high\" decoding=\"async\" width=\"716\" height=\"450\" src=\"https:\/\/www.lyceeretiers.bzh\/wp-content\/uploads\/2024\/01\/Minimalist-Timeline-Diagram-Conc-1.png\" class=\"attachment-large size-large wp-image-1369\" alt=\"\" srcset=\"https:\/\/www.lyceeretiers.bzh\/wp-content\/uploads\/2024\/01\/Minimalist-Timeline-Diagram-Conc-1.png 716w, https:\/\/www.lyceeretiers.bzh\/wp-content\/uploads\/2024\/01\/Minimalist-Timeline-Diagram-Conc-1-300x189.png 300w\" sizes=\"(max-width: 716px) 100vw, 716px\" \/>\t\t\t\t\t\t\t\t\t\t\t\t\t\t\t<\/div>\n\t\t\t\t<\/div>\n\t\t\t\t\t<\/div>\n\t\t<\/div>\n\t\t\t\t\t<\/div>\n\t\t<\/section>\n\t\t\t\t<section class=\"elementor-section elementor-top-section elementor-element elementor-element-e0d3c82 elementor-section-boxed elementor-section-height-default elementor-section-height-default\" data-id=\"e0d3c82\" data-element_type=\"section\" data-e-type=\"section\">\n\t\t\t\t\t\t<div class=\"elementor-container elementor-column-gap-default\">\n\t\t\t\t\t<div class=\"elementor-column elementor-col-100 elementor-top-column elementor-element elementor-element-bb040d7\" data-id=\"bb040d7\" data-element_type=\"column\" data-e-type=\"column\">\n\t\t\t<div class=\"elementor-widget-wrap elementor-element-populated\">\n\t\t\t\t\t\t<div class=\"elementor-element elementor-element-50d8c49 elementor-widget elementor-widget-spacer\" data-id=\"50d8c49\" data-element_type=\"widget\" data-e-type=\"widget\" data-widget_type=\"spacer.default\">\n\t\t\t\t<div class=\"elementor-widget-container\">\n\t\t\t\t\t\t\t<div class=\"elementor-spacer\">\n\t\t\t<div class=\"elementor-spacer-inner\"><\/div>\n\t\t<\/div>\n\t\t\t\t\t\t<\/div>\n\t\t\t\t<\/div>\n\t\t\t\t\t<\/div>\n\t\t<\/div>\n\t\t\t\t\t<\/div>\n\t\t<\/section>\n\t\t<div class=\"elementor-element elementor-element-1b4c73b e-flex e-con-boxed e-con e-parent\" data-id=\"1b4c73b\" data-element_type=\"container\" data-e-type=\"container\">\n\t\t\t\t\t<div class=\"e-con-inner\">\n\t\t\t\t<div class=\"elementor-element elementor-element-3db8863 elementor-widget elementor-widget-shortcode\" data-id=\"3db8863\" data-element_type=\"widget\" data-e-type=\"widget\" data-widget_type=\"shortcode.default\">\n\t\t\t\t<div class=\"elementor-widget-container\">\n\t\t\t\t\t\t\t<div class=\"elementor-shortcode\"><\/div>\n\t\t\t\t\t\t<\/div>\n\t\t\t\t<\/div>\n\t\t\t\t\t<\/div>\n\t\t\t\t<\/div>\n\t\t\t\t<\/div>\n\t\t","protected":false},"excerpt":{"rendered":"<p>Un peu d&rsquo;histoire Le lyc\u00e9e La Mennais de Retiers est une annexe de l\u2019Assomption, Rennes. Ce jeune lyc\u00e9e a ouvert ses portes\u00a0 en 1993 &#8211; voici le contexte historique de notre \u00e9tablissement :\u00a0 Les b\u00e2timents du lyc\u00e9e furent construits en 1963 pour y accueillir le Centre m\u00e9nager qui \u00e9tait initialement \u00e0 Marcill\u00e9-Robert. Ce nouveau centre [&hellip;]<\/p>\n","protected":false},"author":1,"featured_media":0,"parent":0,"menu_order":0,"comment_status":"closed","ping_status":"closed","template":"","meta":{"footnotes":""},"class_list":["post-514","page","type-page","status-publish","hentry"],"jetpack_sharing_enabled":true,"rttpg_featured_image_url":null,"rttpg_author":{"display_name":"webretiersadmin","author_link":"https:\/\/www.lyceeretiers.bzh\/?author=1"},"rttpg_comment":0,"rttpg_category":null,"rttpg_excerpt":"Un peu d&rsquo;histoire Le lyc\u00e9e La Mennais de Retiers est une annexe de l\u2019Assomption, Rennes. Ce jeune lyc\u00e9e a ouvert ses portes\u00a0 en 1993 &#8211; voici le contexte historique de notre \u00e9tablissement :\u00a0 Les b\u00e2timents du lyc\u00e9e furent construits en 1963 pour y accueillir le Centre m\u00e9nager qui \u00e9tait initialement \u00e0 Marcill\u00e9-Robert. Ce nouveau centre\u2026","_links":{"self":[{"href":"https:\/\/www.lyceeretiers.bzh\/index.php?rest_route=\/wp\/v2\/pages\/514","targetHints":{"allow":["GET"]}}],"collection":[{"href":"https:\/\/www.lyceeretiers.bzh\/index.php?rest_route=\/wp\/v2\/pages"}],"about":[{"href":"https:\/\/www.lyceeretiers.bzh\/index.php?rest_route=\/wp\/v2\/types\/page"}],"author":[{"embeddable":true,"href":"https:\/\/www.lyceeretiers.bzh\/index.php?rest_route=\/wp\/v2\/users\/1"}],"replies":[{"embeddable":true,"href":"https:\/\/www.lyceeretiers.bzh\/index.php?rest_route=%2Fwp%2Fv2%2Fcomments&post=514"}],"version-history":[{"count":81,"href":"https:\/\/www.lyceeretiers.bzh\/index.php?rest_route=\/wp\/v2\/pages\/514\/revisions"}],"predecessor-version":[{"id":4785,"href":"https:\/\/www.lyceeretiers.bzh\/index.php?rest_route=\/wp\/v2\/pages\/514\/revisions\/4785"}],"wp:attachment":[{"href":"https:\/\/www.lyceeretiers.bzh\/index.php?rest_route=%2Fwp%2Fv2%2Fmedia&parent=514"}],"curies":[{"name":"wp","href":"https:\/\/api.w.org\/{rel}","templated":true}]}}