{"id":4846,"date":"2025-03-06T11:19:30","date_gmt":"2025-03-06T10:19:30","guid":{"rendered":"https:\/\/www.lyceeretiers.bzh\/?page_id=4846"},"modified":"2025-12-12T09:33:11","modified_gmt":"2025-12-12T08:33:11","slug":"journal-du-lycee","status":"publish","type":"page","link":"https:\/\/www.lyceeretiers.bzh\/?page_id=4846","title":{"rendered":"Journal du lyc\u00e9e"},"content":{"rendered":"\t\t<div data-elementor-type=\"wp-page\" data-elementor-id=\"4846\" class=\"elementor elementor-4846\">\n\t\t\t\t<div class=\"elementor-element elementor-element-309e07f e-flex e-con-boxed e-con e-parent\" data-id=\"309e07f\" data-element_type=\"container\" data-e-type=\"container\">\n\t\t\t\t\t<div class=\"e-con-inner\">\n\t\t\t\t\t<\/div>\n\t\t\t\t<\/div>\n\t\t<div class=\"elementor-element elementor-element-9d52c48 e-flex e-con-boxed e-con e-parent\" data-id=\"9d52c48\" data-element_type=\"container\" data-e-type=\"container\">\n\t\t\t\t\t<div class=\"e-con-inner\">\n\t\t\t\t<div class=\"elementor-element elementor-element-b48cdc2 section-title-style-style1 elementor-widget elementor-widget-tpg-section-title\" data-id=\"b48cdc2\" data-element_type=\"widget\" data-e-type=\"widget\" data-widget_type=\"tpg-section-title.default\">\n\t\t\t\t<div class=\"elementor-widget-container\">\n\t\t\t\t\t\t\t<div class=\"rt-container-fluid rt-tpg-container tpg-el-main-wrapper clearfix  section-title-style-style1\">\n\t\t\t<div class='tpg-header-wrapper'>\n        <div class=\"tpg-widget-heading-wrapper rt-clear heading-style1 \">\n            <span class=\"tpg-widget-heading-line line-left\"><\/span>\n\t\t\t<h2 class='tpg-widget-heading'>\n\t\t\t\n\t\t\t\t                    <span>\n\t\t\t\t\t\tSection Title\t\t\t\t\t<\/span>\n\t\t\t\t\t\n\t\t\t\t\t\t\t<\/h2>            <span class=\"tpg-widget-heading-line line-right\"><\/span>\n\n\t\t\t\n        <\/div>\n\n\t\t\n\t\t<\/div>\t\t<\/div>\n\t\t\t\t\t\t<\/div>\n\t\t\t\t<\/div>\n\t\t\t\t\t<\/div>\n\t\t\t\t<\/div>\n\t\t<div class=\"elementor-element elementor-element-15d2b3 e-con-full e-flex e-con e-parent\" data-id=\"15d2b3\" data-element_type=\"container\" data-e-type=\"container\">\n\t\t\t\t<div class=\"elementor-element elementor-element-5c839761 elementor-widget elementor-widget-text-editor\" data-id=\"5c839761\" data-element_type=\"widget\" data-e-type=\"widget\" data-widget_type=\"text-editor.default\">\n\t\t\t\t<div class=\"elementor-widget-container\">\n\t\t\t\t\t\t\t\t\t<p>Un journal du lyc\u00e9e a vu le jour en 2023! Ce journal du lyc\u00e9e intitul\u00e9 &lsquo;Le petit lyc\u00e9en&rsquo; est g\u00e9r\u00e9 et con\u00e7u par des \u00e9l\u00e8ves.<\/p>\n<p>Des temps d&rsquo;\u00e9changes entre les membres de la r\u00e9daction permettent aux jeunes de&nbsp;choisir les th\u00e8mes sur lesquels ils veulent r\u00e9diger des articles.<\/p>\n<p>Vous pourrez trouver ci-dessous les num\u00e9ros d\u00e9j\u00e0&nbsp;parus :<\/p>\n<p><a href=\"https:\/\/drive.google.com\/file\/d\/1_G6s-5Lj6_rBB_SIWK4HlHb-xbWRHtlO\/view?usp=sharing\"><img fetchpriority=\"high\" decoding=\"async\" class=\"alignnone size-medium wp-image-4847 alignleft\" src=\"https:\/\/www.lyceeretiers.bzh\/wp-content\/uploads\/2025\/03\/n\u00b01-211x300.png\" alt=\"\" width=\"211\" height=\"300\" srcset=\"https:\/\/www.lyceeretiers.bzh\/wp-content\/uploads\/2025\/03\/n\u00b01-211x300.png 211w, https:\/\/www.lyceeretiers.bzh\/wp-content\/uploads\/2025\/03\/n\u00b01.png 490w\" sizes=\"(max-width: 211px) 100vw, 211px\" \/><\/a><a href=\"https:\/\/drive.google.com\/file\/d\/1ixu9QFUA8xw61MA8JxDDMzxiXIAtVTZM\/view?usp=sharing\"><img decoding=\"async\" class=\"alignleft wp-image-4848 size-medium\" src=\"https:\/\/www.lyceeretiers.bzh\/wp-content\/uploads\/2025\/03\/n\u00b02-211x300.png\" alt=\"\" width=\"211\" height=\"300\" srcset=\"https:\/\/www.lyceeretiers.bzh\/wp-content\/uploads\/2025\/03\/n\u00b02-211x300.png 211w, https:\/\/www.lyceeretiers.bzh\/wp-content\/uploads\/2025\/03\/n\u00b02.png 487w\" sizes=\"(max-width: 211px) 100vw, 211px\" \/><\/a><a href=\"https:\/\/drive.google.com\/file\/d\/1UsWno1difc_WkcbJ7xMKk_T8gdPkiZAr\/view?usp=sharing\"><img decoding=\"async\" class=\"alignleft wp-image-4849 size-medium\" src=\"https:\/\/www.lyceeretiers.bzh\/wp-content\/uploads\/2025\/03\/n\u00b03-212x300.png\" alt=\"\" width=\"212\" height=\"300\" srcset=\"https:\/\/www.lyceeretiers.bzh\/wp-content\/uploads\/2025\/03\/n\u00b03-212x300.png 212w, https:\/\/www.lyceeretiers.bzh\/wp-content\/uploads\/2025\/03\/n\u00b03.png 432w\" sizes=\"(max-width: 212px) 100vw, 212px\" \/><\/a><\/p>\n<p><a href=\"https:\/\/drive.google.com\/file\/d\/1oL_NIGjAWw7FRmVBKgmtzBnwju6kkEg6\/view?usp=sharing\"><img loading=\"lazy\" decoding=\"async\" class=\"alignnone size-medium wp-image-4850 alignleft\" src=\"https:\/\/www.lyceeretiers.bzh\/wp-content\/uploads\/2025\/03\/n\u00b04-211x300.png\" alt=\"\" width=\"211\" height=\"300\" srcset=\"https:\/\/www.lyceeretiers.bzh\/wp-content\/uploads\/2025\/03\/n\u00b04-211x300.png 211w, https:\/\/www.lyceeretiers.bzh\/wp-content\/uploads\/2025\/03\/n\u00b04.png 487w\" sizes=\"(max-width: 211px) 100vw, 211px\" \/><\/a><\/p><p><img loading=\"lazy\" decoding=\"async\" class=\"alignleft wp-image-4851 size-medium\" src=\"https:\/\/www.lyceeretiers.bzh\/wp-content\/uploads\/2025\/03\/n\u00b05-211x300.png\" alt=\"\" width=\"211\" height=\"300\" style=\"font-size: 1rem;\" srcset=\"https:\/\/www.lyceeretiers.bzh\/wp-content\/uploads\/2025\/03\/n\u00b05-211x300.png 211w, https:\/\/www.lyceeretiers.bzh\/wp-content\/uploads\/2025\/03\/n\u00b05.png 490w\" sizes=\"(max-width: 211px) 100vw, 211px\" \/><\/p><p><a href=\"https:\/\/drive.google.com\/file\/d\/1XYCLNoKgotWxPM5m9Yb7tf8Nf2Cveycg\/view?usp=drive_link\"><img loading=\"lazy\" decoding=\"async\" class=\"alignnone wp-image-4999 size-medium\" src=\"https:\/\/www.lyceeretiers.bzh\/wp-content\/uploads\/2025\/06\/Capture-decran-2025-06-25-115422-213x300.png\" alt=\"\" width=\"213\" height=\"300\" srcset=\"https:\/\/www.lyceeretiers.bzh\/wp-content\/uploads\/2025\/06\/Capture-decran-2025-06-25-115422-213x300.png 213w, https:\/\/www.lyceeretiers.bzh\/wp-content\/uploads\/2025\/06\/Capture-decran-2025-06-25-115422.png 541w\" sizes=\"(max-width: 213px) 100vw, 213px\" \/>&nbsp; &nbsp; <img loading=\"lazy\" decoding=\"async\" class=\"alignnone size-medium wp-image-5000\" src=\"https:\/\/www.lyceeretiers.bzh\/wp-content\/uploads\/2025\/06\/Capture-decran-2025-06-25-115814-211x300.png\" alt=\"\" width=\"211\" height=\"300\" srcset=\"https:\/\/www.lyceeretiers.bzh\/wp-content\/uploads\/2025\/06\/Capture-decran-2025-06-25-115814-211x300.png 211w, https:\/\/www.lyceeretiers.bzh\/wp-content\/uploads\/2025\/06\/Capture-decran-2025-06-25-115814.png 542w\" sizes=\"(max-width: 211px) 100vw, 211px\" \/><\/a>&nbsp; &nbsp;<a href=\"https:\/\/drive.google.com\/file\/d\/1HP6e3s3OOWz5oicH4Gapik5W38KelwCN\/view?usp=sharing\" style=\"background-color: rgb(255, 255, 255); font-size: 1rem;\"><img loading=\"lazy\" decoding=\"async\" class=\"alignnone wp-image-5311 size-medium\" src=\"https:\/\/www.lyceeretiers.bzh\/wp-content\/uploads\/2025\/12\/Capture-decran-2025-12-12-092943-211x300.jpg\" alt=\"\" width=\"211\" height=\"300\" srcset=\"https:\/\/www.lyceeretiers.bzh\/wp-content\/uploads\/2025\/12\/Capture-decran-2025-12-12-092943-211x300.jpg 211w, https:\/\/www.lyceeretiers.bzh\/wp-content\/uploads\/2025\/12\/Capture-decran-2025-12-12-092943.jpg 522w\" sizes=\"(max-width: 211px) 100vw, 211px\" \/><\/a><\/p>\t\t\t\t\t\t\t\t<\/div>\n\t\t\t\t<\/div>\n\t\t\t\t<\/div>\n\t\t\t\t<\/div>\n\t\t","protected":false},"excerpt":{"rendered":"<p>Section Title Un journal du lyc\u00e9e a vu le jour en 2023! Ce journal du lyc\u00e9e intitul\u00e9 &lsquo;Le petit lyc\u00e9en&rsquo; est g\u00e9r\u00e9 et con\u00e7u par des \u00e9l\u00e8ves. Des temps d&rsquo;\u00e9changes entre les membres de la r\u00e9daction permettent aux jeunes de&nbsp;choisir les th\u00e8mes sur lesquels ils veulent r\u00e9diger des articles. Vous pourrez trouver ci-dessous les num\u00e9ros [&hellip;]<\/p>\n","protected":false},"author":1,"featured_media":0,"parent":0,"menu_order":0,"comment_status":"closed","ping_status":"closed","template":"","meta":{"footnotes":""},"class_list":["post-4846","page","type-page","status-publish","hentry"],"jetpack_sharing_enabled":true,"rttpg_featured_image_url":null,"rttpg_author":{"display_name":"webretiersadmin","author_link":"https:\/\/www.lyceeretiers.bzh\/?author=1"},"rttpg_comment":0,"rttpg_category":null,"rttpg_excerpt":"Section Title Un journal du lyc\u00e9e a vu le jour en 2023! Ce journal du lyc\u00e9e intitul\u00e9 &lsquo;Le petit lyc\u00e9en&rsquo; est g\u00e9r\u00e9 et con\u00e7u par des \u00e9l\u00e8ves. Des temps d&rsquo;\u00e9changes entre les membres de la r\u00e9daction permettent aux jeunes de&nbsp;choisir les th\u00e8mes sur lesquels ils veulent r\u00e9diger des articles. Vous pourrez trouver ci-dessous les num\u00e9ros\u2026","_links":{"self":[{"href":"https:\/\/www.lyceeretiers.bzh\/index.php?rest_route=\/wp\/v2\/pages\/4846","targetHints":{"allow":["GET"]}}],"collection":[{"href":"https:\/\/www.lyceeretiers.bzh\/index.php?rest_route=\/wp\/v2\/pages"}],"about":[{"href":"https:\/\/www.lyceeretiers.bzh\/index.php?rest_route=\/wp\/v2\/types\/page"}],"author":[{"embeddable":true,"href":"https:\/\/www.lyceeretiers.bzh\/index.php?rest_route=\/wp\/v2\/users\/1"}],"replies":[{"embeddable":true,"href":"https:\/\/www.lyceeretiers.bzh\/index.php?rest_route=%2Fwp%2Fv2%2Fcomments&post=4846"}],"version-history":[{"count":43,"href":"https:\/\/www.lyceeretiers.bzh\/index.php?rest_route=\/wp\/v2\/pages\/4846\/revisions"}],"predecessor-version":[{"id":5320,"href":"https:\/\/www.lyceeretiers.bzh\/index.php?rest_route=\/wp\/v2\/pages\/4846\/revisions\/5320"}],"wp:attachment":[{"href":"https:\/\/www.lyceeretiers.bzh\/index.php?rest_route=%2Fwp%2Fv2%2Fmedia&parent=4846"}],"curies":[{"name":"wp","href":"https:\/\/api.w.org\/{rel}","templated":true}]}}