{"id":2377,"date":"2024-02-11T17:13:56","date_gmt":"2024-02-11T16:13:56","guid":{"rendered":"http:\/\/nouveau.lyceeretiers.bzh\/?page_id=2377"},"modified":"2024-04-15T15:03:20","modified_gmt":"2024-04-15T13:03:20","slug":"mentions-legales","status":"publish","type":"page","link":"https:\/\/www.lyceeretiers.bzh\/?page_id=2377","title":{"rendered":"Mentions l\u00e9gales"},"content":{"rendered":"\t\t<div data-elementor-type=\"wp-page\" data-elementor-id=\"2377\" class=\"elementor elementor-2377\">\n\t\t\t\t\t\t<section class=\"elementor-section elementor-top-section elementor-element elementor-element-e40fe5f elementor-section-boxed elementor-section-height-default elementor-section-height-default\" data-id=\"e40fe5f\" data-element_type=\"section\" data-e-type=\"section\">\n\t\t\t\t\t\t<div class=\"elementor-container elementor-column-gap-default\">\n\t\t\t\t\t<div class=\"elementor-column elementor-col-100 elementor-top-column elementor-element elementor-element-6fc7bff\" data-id=\"6fc7bff\" data-element_type=\"column\" data-e-type=\"column\">\n\t\t\t<div class=\"elementor-widget-wrap elementor-element-populated\">\n\t\t\t\t\t\t\t<\/div>\n\t\t<\/div>\n\t\t\t\t\t<\/div>\n\t\t<\/section>\n\t\t\t\t<section class=\"elementor-section elementor-top-section elementor-element elementor-element-6930bd77 elementor-section-full_width elementor-section-height-min-height elementor-section-height-default elementor-section-items-middle\" data-id=\"6930bd77\" data-element_type=\"section\" data-e-type=\"section\" data-settings=\"{&quot;background_background&quot;:&quot;slideshow&quot;,&quot;background_slideshow_gallery&quot;:[{&quot;id&quot;:1329,&quot;url&quot;:&quot;https:\\\/\\\/nouveau.lyceeretiers.bzh\\\/wp-content\\\/uploads\\\/2024\\\/01\\\/lycee_rogne_bis.png&quot;}],&quot;background_slideshow_loop&quot;:&quot;yes&quot;,&quot;background_slideshow_slide_duration&quot;:5000,&quot;background_slideshow_slide_transition&quot;:&quot;fade&quot;,&quot;background_slideshow_transition_duration&quot;:500}\">\n\t\t\t\t\t\t<div class=\"elementor-container elementor-column-gap-default\">\n\t\t\t\t\t<div class=\"elementor-column elementor-col-100 elementor-top-column elementor-element elementor-element-9b6f5a8\" data-id=\"9b6f5a8\" data-element_type=\"column\" data-e-type=\"column\">\n\t\t\t<div class=\"elementor-widget-wrap elementor-element-populated\">\n\t\t\t\t\t\t<div class=\"elementor-element elementor-element-7782ef41 elementor-widget elementor-widget-text-editor\" data-id=\"7782ef41\" data-element_type=\"widget\" data-e-type=\"widget\" data-widget_type=\"text-editor.default\">\n\t\t\t\t<div class=\"elementor-widget-container\">\n\t\t\t\t\t\t\t\t\t<p>Mentions L\u00e9gales<\/p>\t\t\t\t\t\t\t\t<\/div>\n\t\t\t\t<\/div>\n\t\t\t\t\t<\/div>\n\t\t<\/div>\n\t\t\t\t\t<\/div>\n\t\t<\/section>\n\t\t<div class=\"elementor-element elementor-element-bfb37a0 e-flex e-con-boxed e-con e-parent\" data-id=\"bfb37a0\" data-element_type=\"container\" data-e-type=\"container\">\n\t\t\t\t\t<div class=\"e-con-inner\">\n\t\t\t\t<div class=\"elementor-element elementor-element-5769b27 elementor-widget elementor-widget-text-editor\" data-id=\"5769b27\" data-element_type=\"widget\" data-e-type=\"widget\" data-widget_type=\"text-editor.default\">\n\t\t\t\t<div class=\"elementor-widget-container\">\n\t\t\t\t\t\t\t\t\t<h1>Pr\u00e9ambule<\/h1>\n<p>Vous \u00eates actuellement connect\u00e9(e) sur le site Internet www.lyceeretiers.fr \u00e9dit\u00e9 par le lyc\u00e9e La Mennais Retiers. L\u2019utilisateur d\u00e9clare avoir pris connaissance des informations ci-dessous avant la visite du site. En choisissant d\u2019acc\u00e9der au site, l\u2019utilisateur accepte express\u00e9ment et irr\u00e9vocablement, les termes ci-apr\u00e8s.<\/p>\n\n<h1>Responsabilit\u00e9s<\/h1>\n<p>Le lyc\u00e9e La Mennais de Retiers d\u00e9cline toute responsabilit\u00e9 quant au contenu des sites propos\u00e9s en lien. Quel que soit le type de lien \u00e9tabli \u00e0 partir d\u2019un site Internet ext\u00e9rieur, dit \u201csite liant\u201d, vers celui du lyc\u00e9e La Mennais Retiers, ce dernier se r\u00e9serve le droit de s\u2019opposer \u00e0 son \u00e9tablissement.<\/p>\n\n<h1>Editeur<\/h1>\n<p>D\u00e9nomination sociale : Lyc\u00e9e La Mennais. Adresse : 20, Square Charles de Gaulle Retiers 35240<\/p>\n<p>Directeur de la publication : S\u00e9bastien Baux<\/p>\n<p>Contact : s.baux@assomption.bzh \/ 02 99 43 64 67<\/p>\n\n<h1>Cr\u00e9dits<\/h1>\n<p>Le site rend cr\u00e9dit \u00e0 :<\/p>\n<p>R\u00e9alisation du site Internet : Le lyc\u00e9e de Retiers.<\/p>\n<p>H\u00e9bergement : I don&rsquo;t know.<\/p>\n\n<h1>Droits d&rsquo;auteur<\/h1>\n<p>Les photographies, textes, slogans, dessins, images, vid\u00e9os, s\u00e9quences anim\u00e9es sonores ou non ainsi que toutes \u0153uvres int\u00e9gr\u00e9es dans le site sont la propri\u00e9t\u00e9 du lyc\u00e9e La Mennais de Retiers ou de tiers ayant autoris\u00e9 le lyc\u00e9e La Mennais de Retiers \u00e0 les utiliser.<\/p>\n<p>Les logos, ic\u00f4nes et puces graphiques repr\u00e9sent\u00e9s sur le site sont prot\u00e9g\u00e9s au titre des droits d\u2019auteur et des articles L.511.1 et suivants du Code de la Propri\u00e9t\u00e9 Intellectuelle relatifs \u00e0 la protection des mod\u00e8les d\u00e9pos\u00e9s. Les reproductions, sur un support papier ou informatique, dudit site et des \u0153uvres qui y sont reproduites sont autoris\u00e9es sous r\u00e9serve qu\u2019elles soient strictement r\u00e9serv\u00e9es \u00e0 un usage personnel excluant tout usage \u00e0 des fins publicitaires et\/ou commerciales, et\/ou d\u2019information et\/ou qu\u2019elles soient conformes aux dispositions de l\u2019article L.122-5 du Code de la Propri\u00e9t\u00e9 Intellectuelle.<\/p>\n<p>\u00c0 l\u2019exception des dispositions ci-dessus, toute reproduction, repr\u00e9sentation, utilisation ou modification, par quelque proc\u00e9d\u00e9 que ce soit et sur quelque support que ce soit, de tout ou partie du site, de tout ou partie des diff\u00e9rentes \u0153uvres qui le composent, sans avoir obtenu l\u2019autorisation pr\u00e9alable du lyc\u00e9e La Mennais de Retiers est strictement interdite et constitue un d\u00e9lit de contrefa\u00e7on et peut donner suite \u00e0 des poursuites judiciaires civiles et\/ou p\u00e9nales et au paiement de dommages et int\u00e9r\u00eats.<\/p>\n\t\t\t\t\t\t\t\t<\/div>\n\t\t\t\t<\/div>\n\t\t\t\t\t<\/div>\n\t\t\t\t<\/div>\n\t\t\t\t<\/div>\n\t\t","protected":false},"excerpt":{"rendered":"<p>Mentions L\u00e9gales Pr\u00e9ambule Vous \u00eates actuellement connect\u00e9(e) sur le site Internet www.lyceeretiers.fr \u00e9dit\u00e9 par le lyc\u00e9e La Mennais Retiers. L\u2019utilisateur d\u00e9clare avoir pris connaissance des informations ci-dessous avant la visite du site. En choisissant d\u2019acc\u00e9der au site, l\u2019utilisateur accepte express\u00e9ment et irr\u00e9vocablement, les termes ci-apr\u00e8s. Responsabilit\u00e9s Le lyc\u00e9e La Mennais de Retiers d\u00e9cline toute responsabilit\u00e9 [&hellip;]<\/p>\n","protected":false},"author":1,"featured_media":0,"parent":0,"menu_order":0,"comment_status":"closed","ping_status":"closed","template":"","meta":{"footnotes":""},"class_list":["post-2377","page","type-page","status-publish","hentry"],"jetpack_sharing_enabled":true,"rttpg_featured_image_url":null,"rttpg_author":{"display_name":"webretiersadmin","author_link":"https:\/\/www.lyceeretiers.bzh\/?author=1"},"rttpg_comment":0,"rttpg_category":null,"rttpg_excerpt":"Mentions L\u00e9gales Pr\u00e9ambule Vous \u00eates actuellement connect\u00e9(e) sur le site Internet www.lyceeretiers.fr \u00e9dit\u00e9 par le lyc\u00e9e La Mennais Retiers. L\u2019utilisateur d\u00e9clare avoir pris connaissance des informations ci-dessous avant la visite du site. En choisissant d\u2019acc\u00e9der au site, l\u2019utilisateur accepte express\u00e9ment et irr\u00e9vocablement, les termes ci-apr\u00e8s. Responsabilit\u00e9s Le lyc\u00e9e La Mennais de Retiers d\u00e9cline toute responsabilit\u00e9\u2026","_links":{"self":[{"href":"https:\/\/www.lyceeretiers.bzh\/index.php?rest_route=\/wp\/v2\/pages\/2377","targetHints":{"allow":["GET"]}}],"collection":[{"href":"https:\/\/www.lyceeretiers.bzh\/index.php?rest_route=\/wp\/v2\/pages"}],"about":[{"href":"https:\/\/www.lyceeretiers.bzh\/index.php?rest_route=\/wp\/v2\/types\/page"}],"author":[{"embeddable":true,"href":"https:\/\/www.lyceeretiers.bzh\/index.php?rest_route=\/wp\/v2\/users\/1"}],"replies":[{"embeddable":true,"href":"https:\/\/www.lyceeretiers.bzh\/index.php?rest_route=%2Fwp%2Fv2%2Fcomments&post=2377"}],"version-history":[{"count":16,"href":"https:\/\/www.lyceeretiers.bzh\/index.php?rest_route=\/wp\/v2\/pages\/2377\/revisions"}],"predecessor-version":[{"id":2744,"href":"https:\/\/www.lyceeretiers.bzh\/index.php?rest_route=\/wp\/v2\/pages\/2377\/revisions\/2744"}],"wp:attachment":[{"href":"https:\/\/www.lyceeretiers.bzh\/index.php?rest_route=%2Fwp%2Fv2%2Fmedia&parent=2377"}],"curies":[{"name":"wp","href":"https:\/\/api.w.org\/{rel}","templated":true}]}}